{"id":12656,"date":"2023-12-21T13:10:41","date_gmt":"2023-12-21T13:10:41","guid":{"rendered":"https:\/\/phd.bessis.fr\/?page_id=12656"},"modified":"2023-12-26T13:42:39","modified_gmt":"2023-12-26T13:42:39","slug":"nos-principaux-outils-detude","status":"publish","type":"page","link":"https:\/\/phd.bessis.fr\/index.php\/nos-principaux-outils-detude\/","title":{"rendered":"Nos principaux outils d&rsquo;\u00e9tude"},"content":{"rendered":"\t\t<div data-elementor-type=\"wp-page\" data-elementor-id=\"12656\" class=\"elementor elementor-12656\">\n\t\t\t\t<div class=\"elementor-element elementor-element-c48e078 e-flex e-con-boxed e-con e-parent\" data-id=\"c48e078\" data-element_type=\"container\" data-settings=\"{&quot;content_width&quot;:&quot;boxed&quot;}\" data-core-v316-plus=\"true\">\n\t\t\t\t\t<div class=\"e-con-inner\">\n\t\t<div class=\"elementor-element elementor-element-d2c691e e-con-full e-flex e-con e-child\" data-id=\"d2c691e\" data-element_type=\"container\" data-settings=\"{&quot;content_width&quot;:&quot;full&quot;}\">\n\t\t\t\t<div class=\"elementor-element elementor-element-59335f7 elementor-widget elementor-widget-qi_addons_for_elementor_section_title\" data-id=\"59335f7\" data-element_type=\"widget\" data-widget_type=\"qi_addons_for_elementor_section_title.default\">\n\t\t\t\t<div class=\"elementor-widget-container\">\n\t\t\t<div class=\"qodef-shortcode qodef-m  qodef-qi-section-title  qodef-decoration--italic  qodef-link--underline-draw qodef-subtitle-icon--left\">\n\t\t\t\t\t\t<h2 class=\"qodef-m-title\">\n\t\tLes Ateliers Concept :\t<\/h2>\n\t\t\t<div class=\"qodef-m-text\"><p>2 \u00e0 4 Focus groupes dont l\u2019animation progresse d\u2019un groupe \u00e0 l\u2019autre, en fonction des informations d\u00e9j\u00e0 recueillies et encore manquantes pour parvenir \u00e0 un r\u00e9sultat satisfaisant.<\/p><\/div>\n\t<\/div>\n\t\t<\/div>\n\t\t\t\t<\/div>\n\t\t\t\t<div class=\"elementor-element elementor-element-2cb8de8 elementor-widget elementor-widget-image\" data-id=\"2cb8de8\" data-element_type=\"widget\" data-widget_type=\"image.default\">\n\t\t\t\t<div class=\"elementor-widget-container\">\n\t\t\t<style>\/*! elementor - v3.19.0 - 07-02-2024 *\/\n.elementor-widget-image{text-align:center}.elementor-widget-image a{display:inline-block}.elementor-widget-image a img[src$=\".svg\"]{width:48px}.elementor-widget-image img{vertical-align:middle;display:inline-block}<\/style>\t\t\t\t\t\t\t\t\t\t<img fetchpriority=\"high\" decoding=\"async\" width=\"1024\" height=\"415\" src=\"https:\/\/phd.bessis.fr\/wp-content\/uploads\/2023\/12\/bessis-7-erreurs-bandeau3-1024x415.jpg\" class=\"attachment-large size-large wp-image-13066\" alt=\"\" srcset=\"https:\/\/phd.bessis.fr\/wp-content\/uploads\/2023\/12\/bessis-7-erreurs-bandeau3-1024x415.jpg 1024w, https:\/\/phd.bessis.fr\/wp-content\/uploads\/2023\/12\/bessis-7-erreurs-bandeau3-300x122.jpg 300w, https:\/\/phd.bessis.fr\/wp-content\/uploads\/2023\/12\/bessis-7-erreurs-bandeau3-768x312.jpg 768w, https:\/\/phd.bessis.fr\/wp-content\/uploads\/2023\/12\/bessis-7-erreurs-bandeau3-1536x623.jpg 1536w, https:\/\/phd.bessis.fr\/wp-content\/uploads\/2023\/12\/bessis-7-erreurs-bandeau3.jpg 1920w\" sizes=\"(max-width: 1024px) 100vw, 1024px\" \/>\t\t\t\t\t\t\t\t\t\t\t\t\t<\/div>\n\t\t\t\t<\/div>\n\t\t\t\t<\/div>\n\t\t<div class=\"elementor-element elementor-element-2abc207 e-con-full e-flex e-con e-child\" data-id=\"2abc207\" data-element_type=\"container\" data-settings=\"{&quot;content_width&quot;:&quot;full&quot;}\">\n\t\t\t\t<div class=\"elementor-element elementor-element-9f31819 elementor-widget elementor-widget-qi_addons_for_elementor_section_title\" data-id=\"9f31819\" data-element_type=\"widget\" data-widget_type=\"qi_addons_for_elementor_section_title.default\">\n\t\t\t\t<div class=\"elementor-widget-container\">\n\t\t\t<div class=\"qodef-shortcode qodef-m  qodef-qi-section-title  qodef-decoration--italic  qodef-link--underline-draw qodef-subtitle-icon--left\">\n\t\t\t\t\t\t<h2 class=\"qodef-m-title\">\n\t\tLes Groupes Le Divan :\t<\/h2>\n\t\t\t<div class=\"qodef-m-text\"><p class=\"aos-init aos-animate fade-up\">d\u00e9di\u00e9s \u00e0 l\u2019\u00e9valuation et au choix d\u2019un nom, ces focus Groupes suivent un d\u00e9roulement exclusif et reposent sur des\u00a0techniques d\u2019animation sp\u00e9cifiques\u00a0: rotation empathique des noms, soft selling, d\u00e9ploiement imaginaire, mesure du name appeal.\u00a0Pr\u00e9cision\u00a0\u00a0: tous nos Groupes sont anim\u00e9s par le directeur d\u2019\u00e9tude, film\u00e9s par un cameraman en r\u00e9gion parisienne, visibles en direct via un circuit video<strong><br \/><\/strong><\/p><\/div>\n\t<\/div>\n\t\t<\/div>\n\t\t\t\t<\/div>\n\t\t\t\t<div class=\"elementor-element elementor-element-a777138 elementor-widget elementor-widget-image\" data-id=\"a777138\" data-element_type=\"widget\" data-widget_type=\"image.default\">\n\t\t\t\t<div class=\"elementor-widget-container\">\n\t\t\t\t\t\t\t\t\t\t\t\t\t<img decoding=\"async\" width=\"400\" height=\"199\" src=\"https:\/\/phd.bessis.fr\/wp-content\/uploads\/2023\/12\/bandeau-divan.jpg\" class=\"attachment-large size-large wp-image-13073\" alt=\"\" srcset=\"https:\/\/phd.bessis.fr\/wp-content\/uploads\/2023\/12\/bandeau-divan.jpg 400w, https:\/\/phd.bessis.fr\/wp-content\/uploads\/2023\/12\/bandeau-divan-300x149.jpg 300w\" sizes=\"(max-width: 400px) 100vw, 400px\" \/>\t\t\t\t\t\t\t\t\t\t\t\t\t<\/div>\n\t\t\t\t<\/div>\n\t\t\t\t<\/div>\n\t\t<div class=\"elementor-element elementor-element-ed60002 e-con-full e-flex e-con e-child\" data-id=\"ed60002\" data-element_type=\"container\" data-settings=\"{&quot;content_width&quot;:&quot;full&quot;}\">\n\t\t\t\t<div class=\"elementor-element elementor-element-cd22ce7 elementor-widget-divider--view-line_icon elementor-view-default elementor-widget-divider--element-align-center elementor-widget elementor-widget-divider\" data-id=\"cd22ce7\" data-element_type=\"widget\" data-widget_type=\"divider.default\">\n\t\t\t\t<div class=\"elementor-widget-container\">\n\t\t\t<style>\/*! elementor - v3.19.0 - 07-02-2024 *\/\n.elementor-widget-divider{--divider-border-style:none;--divider-border-width:1px;--divider-color:#0c0d0e;--divider-icon-size:20px;--divider-element-spacing:10px;--divider-pattern-height:24px;--divider-pattern-size:20px;--divider-pattern-url:none;--divider-pattern-repeat:repeat-x}.elementor-widget-divider .elementor-divider{display:flex}.elementor-widget-divider .elementor-divider__text{font-size:15px;line-height:1;max-width:95%}.elementor-widget-divider .elementor-divider__element{margin:0 var(--divider-element-spacing);flex-shrink:0}.elementor-widget-divider .elementor-icon{font-size:var(--divider-icon-size)}.elementor-widget-divider .elementor-divider-separator{display:flex;margin:0;direction:ltr}.elementor-widget-divider--view-line_icon .elementor-divider-separator,.elementor-widget-divider--view-line_text .elementor-divider-separator{align-items:center}.elementor-widget-divider--view-line_icon .elementor-divider-separator:after,.elementor-widget-divider--view-line_icon .elementor-divider-separator:before,.elementor-widget-divider--view-line_text .elementor-divider-separator:after,.elementor-widget-divider--view-line_text .elementor-divider-separator:before{display:block;content:\"\";border-block-end:0;flex-grow:1;border-block-start:var(--divider-border-width) var(--divider-border-style) var(--divider-color)}.elementor-widget-divider--element-align-left .elementor-divider .elementor-divider-separator>.elementor-divider__svg:first-of-type{flex-grow:0;flex-shrink:100}.elementor-widget-divider--element-align-left .elementor-divider-separator:before{content:none}.elementor-widget-divider--element-align-left .elementor-divider__element{margin-left:0}.elementor-widget-divider--element-align-right .elementor-divider .elementor-divider-separator>.elementor-divider__svg:last-of-type{flex-grow:0;flex-shrink:100}.elementor-widget-divider--element-align-right .elementor-divider-separator:after{content:none}.elementor-widget-divider--element-align-right .elementor-divider__element{margin-right:0}.elementor-widget-divider--element-align-start .elementor-divider .elementor-divider-separator>.elementor-divider__svg:first-of-type{flex-grow:0;flex-shrink:100}.elementor-widget-divider--element-align-start .elementor-divider-separator:before{content:none}.elementor-widget-divider--element-align-start .elementor-divider__element{margin-inline-start:0}.elementor-widget-divider--element-align-end .elementor-divider .elementor-divider-separator>.elementor-divider__svg:last-of-type{flex-grow:0;flex-shrink:100}.elementor-widget-divider--element-align-end .elementor-divider-separator:after{content:none}.elementor-widget-divider--element-align-end .elementor-divider__element{margin-inline-end:0}.elementor-widget-divider:not(.elementor-widget-divider--view-line_text):not(.elementor-widget-divider--view-line_icon) .elementor-divider-separator{border-block-start:var(--divider-border-width) var(--divider-border-style) var(--divider-color)}.elementor-widget-divider--separator-type-pattern{--divider-border-style:none}.elementor-widget-divider--separator-type-pattern.elementor-widget-divider--view-line .elementor-divider-separator,.elementor-widget-divider--separator-type-pattern:not(.elementor-widget-divider--view-line) .elementor-divider-separator:after,.elementor-widget-divider--separator-type-pattern:not(.elementor-widget-divider--view-line) .elementor-divider-separator:before,.elementor-widget-divider--separator-type-pattern:not([class*=elementor-widget-divider--view]) .elementor-divider-separator{width:100%;min-height:var(--divider-pattern-height);-webkit-mask-size:var(--divider-pattern-size) 100%;mask-size:var(--divider-pattern-size) 100%;-webkit-mask-repeat:var(--divider-pattern-repeat);mask-repeat:var(--divider-pattern-repeat);background-color:var(--divider-color);-webkit-mask-image:var(--divider-pattern-url);mask-image:var(--divider-pattern-url)}.elementor-widget-divider--no-spacing{--divider-pattern-size:auto}.elementor-widget-divider--bg-round{--divider-pattern-repeat:round}.rtl .elementor-widget-divider .elementor-divider__text{direction:rtl}.e-con-inner>.elementor-widget-divider,.e-con>.elementor-widget-divider{width:var(--container-widget-width,100%);--flex-grow:var(--container-widget-flex-grow)}<\/style>\t\t<div class=\"elementor-divider\">\n\t\t\t<span class=\"elementor-divider-separator\">\n\t\t\t\t\t\t\t<div class=\"elementor-icon elementor-divider__element\">\n\t\t\t\t\t<svg aria-hidden=\"true\" class=\"e-font-icon-svg e-fas-dot-circle\" viewBox=\"0 0 512 512\" xmlns=\"http:\/\/www.w3.org\/2000\/svg\"><path d=\"M256 8C119.033 8 8 119.033 8 256s111.033 248 248 248 248-111.033 248-248S392.967 8 256 8zm80 248c0 44.112-35.888 80-80 80s-80-35.888-80-80 35.888-80 80-80 80 35.888 80 80z\"><\/path><\/svg><\/div>\n\t\t\t\t\t\t<\/span>\n\t\t<\/div>\n\t\t\t\t<\/div>\n\t\t\t\t<\/div>\n\t\t\t\t<div class=\"elementor-element elementor-element-fbab62b elementor-widget elementor-widget-qi_addons_for_elementor_section_title\" data-id=\"fbab62b\" data-element_type=\"widget\" data-widget_type=\"qi_addons_for_elementor_section_title.default\">\n\t\t\t\t<div class=\"elementor-widget-container\">\n\t\t\t<div class=\"qodef-shortcode qodef-m  qodef-qi-section-title  qodef-decoration--italic  qodef-link--underline-draw qodef-subtitle-icon--left\">\n\t\t\t\t\t\t<h2 class=\"qodef-m-title\">\n\t\tLe Groupe interculturel :\t<\/h2>\n\t\t\t<div class=\"qodef-m-text\"><p>con\u00e7u et mis en oeuvre par Bessis. Il permet d\u2019\u00e9valuer des homs, un concept ou un mix, destin\u00e9s \u00e0 une cible internationale, de puis la France, sans sous-traitance ni d\u00e9placements couteux et chronophages. Il rassemble des hommes et femmes de toutes nationalit\u00e9s, vivant en r\u00e9gion parisienne, se rendant r\u00e9guli\u00e8rement dans leur pays d\u2019origine, repr\u00e9sentatifs des cibles vis\u00e9es, discutant ensemble dans une optique directement internationale.<\/p><\/div>\n\t<\/div>\n\t\t<\/div>\n\t\t\t\t<\/div>\n\t\t\t\t<div class=\"elementor-element elementor-element-aa7b950 elementor-widget elementor-widget-image\" data-id=\"aa7b950\" data-element_type=\"widget\" data-widget_type=\"image.default\">\n\t\t\t\t<div class=\"elementor-widget-container\">\n\t\t\t\t\t\t\t\t\t\t\t\t\t<img decoding=\"async\" width=\"960\" height=\"600\" src=\"https:\/\/phd.bessis.fr\/wp-content\/uploads\/2023\/12\/agence_naming_paris.jpg\" class=\"attachment-large size-large wp-image-13079\" alt=\"\" srcset=\"https:\/\/phd.bessis.fr\/wp-content\/uploads\/2023\/12\/agence_naming_paris.jpg 960w, https:\/\/phd.bessis.fr\/wp-content\/uploads\/2023\/12\/agence_naming_paris-300x188.jpg 300w, https:\/\/phd.bessis.fr\/wp-content\/uploads\/2023\/12\/agence_naming_paris-768x480.jpg 768w\" sizes=\"(max-width: 960px) 100vw, 960px\" \/>\t\t\t\t\t\t\t\t\t\t\t\t\t<\/div>\n\t\t\t\t<\/div>\n\t\t\t\t<\/div>\n\t\t<div class=\"elementor-element elementor-element-965892a e-con-full e-flex e-con e-child\" data-id=\"965892a\" data-element_type=\"container\" data-settings=\"{&quot;content_width&quot;:&quot;full&quot;}\">\n\t\t\t\t<div class=\"elementor-element elementor-element-61a4534 elementor-widget-divider--view-line_icon elementor-view-default elementor-widget-divider--element-align-center elementor-widget elementor-widget-divider\" data-id=\"61a4534\" data-element_type=\"widget\" data-widget_type=\"divider.default\">\n\t\t\t\t<div class=\"elementor-widget-container\">\n\t\t\t\t\t<div class=\"elementor-divider\">\n\t\t\t<span class=\"elementor-divider-separator\">\n\t\t\t\t\t\t\t<div class=\"elementor-icon elementor-divider__element\">\n\t\t\t\t\t<svg aria-hidden=\"true\" class=\"e-font-icon-svg e-fas-dot-circle\" viewBox=\"0 0 512 512\" xmlns=\"http:\/\/www.w3.org\/2000\/svg\"><path d=\"M256 8C119.033 8 8 119.033 8 256s111.033 248 248 248 248-111.033 248-248S392.967 8 256 8zm80 248c0 44.112-35.888 80-80 80s-80-35.888-80-80 35.888-80 80-80 80 35.888 80 80z\"><\/path><\/svg><\/div>\n\t\t\t\t\t\t<\/span>\n\t\t<\/div>\n\t\t\t\t<\/div>\n\t\t\t\t<\/div>\n\t\t\t\t<div class=\"elementor-element elementor-element-1479d1e elementor-widget elementor-widget-qi_addons_for_elementor_section_title\" data-id=\"1479d1e\" data-element_type=\"widget\" data-widget_type=\"qi_addons_for_elementor_section_title.default\">\n\t\t\t\t<div class=\"elementor-widget-container\">\n\t\t\t<div class=\"qodef-shortcode qodef-m  qodef-qi-section-title  qodef-decoration--italic  qodef-link--underline-draw qodef-subtitle-icon--left\">\n\t\t\t\t\t\t<h2 class=\"qodef-m-title\">\n\t\tL\u2019entretien individuel approfondi \t<\/h2>\n\t\t\t<div class=\"qodef-m-text\"><p>il dure de 30 minutes \u00e0 2 h, il est men\u00e9 par un charg\u00e9 d\u2019\u00e9tude confirm\u00e9 ou par le directeur d\u2019\u00e9tude.<\/p><p>M<strong>onographie\u00a0<\/strong>\u00a0: le m\u00eame que pr\u00e9c\u00e9demment avec photos ou vid\u00e9os<\/p><\/div>\n\t<\/div>\n\t\t<\/div>\n\t\t\t\t<\/div>\n\t\t\t\t<div class=\"elementor-element elementor-element-51c2a33 elementor-widget elementor-widget-image\" data-id=\"51c2a33\" data-element_type=\"widget\" data-widget_type=\"image.default\">\n\t\t\t\t<div class=\"elementor-widget-container\">\n\t\t\t\t\t\t\t\t\t\t\t\t\t<img loading=\"lazy\" decoding=\"async\" width=\"386\" height=\"408\" src=\"https:\/\/phd.bessis.fr\/wp-content\/uploads\/2023\/12\/melavelo-bessis-naming-innovation-tiny3.jpg\" class=\"attachment-large size-large wp-image-12754\" alt=\"\" srcset=\"https:\/\/phd.bessis.fr\/wp-content\/uploads\/2023\/12\/melavelo-bessis-naming-innovation-tiny3.jpg 386w, https:\/\/phd.bessis.fr\/wp-content\/uploads\/2023\/12\/melavelo-bessis-naming-innovation-tiny3-284x300.jpg 284w\" sizes=\"(max-width: 386px) 100vw, 386px\" \/>\t\t\t\t\t\t\t\t\t\t\t\t\t<\/div>\n\t\t\t\t<\/div>\n\t\t\t\t<\/div>\n\t\t\t\t\t<\/div>\n\t\t\t\t<\/div>\n\t\t<div class=\"elementor-element elementor-element-68bb0eb e-flex e-con-boxed e-con e-parent\" data-id=\"68bb0eb\" data-element_type=\"container\" data-settings=\"{&quot;content_width&quot;:&quot;boxed&quot;}\" data-core-v316-plus=\"true\">\n\t\t\t\t\t<div class=\"e-con-inner\">\n\t\t\t\t<div class=\"elementor-element elementor-element-bfcd657 elementor-widget-divider--view-line_icon elementor-view-default elementor-widget-divider--element-align-center elementor-widget elementor-widget-divider\" data-id=\"bfcd657\" data-element_type=\"widget\" data-widget_type=\"divider.default\">\n\t\t\t\t<div class=\"elementor-widget-container\">\n\t\t\t\t\t<div class=\"elementor-divider\">\n\t\t\t<span class=\"elementor-divider-separator\">\n\t\t\t\t\t\t\t<div class=\"elementor-icon elementor-divider__element\">\n\t\t\t\t\t<svg aria-hidden=\"true\" class=\"e-font-icon-svg e-fas-dot-circle\" viewBox=\"0 0 512 512\" xmlns=\"http:\/\/www.w3.org\/2000\/svg\"><path d=\"M256 8C119.033 8 8 119.033 8 256s111.033 248 248 248 248-111.033 248-248S392.967 8 256 8zm80 248c0 44.112-35.888 80-80 80s-80-35.888-80-80 35.888-80 80-80 80 35.888 80 80z\"><\/path><\/svg><\/div>\n\t\t\t\t\t\t<\/span>\n\t\t<\/div>\n\t\t\t\t<\/div>\n\t\t\t\t<\/div>\n\t\t\t\t<div class=\"elementor-element elementor-element-eeb62e8 elementor-widget elementor-widget-qi_addons_for_elementor_section_title\" data-id=\"eeb62e8\" data-element_type=\"widget\" data-widget_type=\"qi_addons_for_elementor_section_title.default\">\n\t\t\t\t<div class=\"elementor-widget-container\">\n\t\t\t<div class=\"qodef-shortcode qodef-m  qodef-qi-section-title  qodef-decoration--italic  qodef-link--underline-draw qodef-subtitle-icon--left\">\n\t\t\t\t\t\t<h2 class=\"qodef-m-title\">\n\t\tLes workshops cr\u00e9atifs :\t<\/h2>\n\t\t\t<div class=\"qodef-m-text\"><p class=\"aos-init aos-animate fade-up\">Groupes de recherche d\u2019id\u00e9es et d\u2019insights. ils rassemblent l\u2019\u00e9quipe-client anim\u00e9e par Bessis ou les cr\u00e9atifs Bessis.<\/p><\/div>\n\t<\/div>\n\t\t<\/div>\n\t\t\t\t<\/div>\n\t\t\t\t\t<\/div>\n\t\t\t\t<\/div>\n\t\t<div class=\"elementor-element elementor-element-d879347 e-flex e-con-boxed e-con e-parent\" data-id=\"d879347\" data-element_type=\"container\" data-settings=\"{&quot;content_width&quot;:&quot;boxed&quot;}\" data-core-v316-plus=\"true\">\n\t\t\t\t\t<div class=\"e-con-inner\">\n\t\t<div class=\"elementor-element elementor-element-5e0710b e-con-full e-flex e-con e-child\" data-id=\"5e0710b\" data-element_type=\"container\" data-settings=\"{&quot;content_width&quot;:&quot;full&quot;}\">\n\t\t\t\t<\/div>\n\t\t<div class=\"elementor-element elementor-element-3577436 e-con-full e-flex e-con e-child\" data-id=\"3577436\" data-element_type=\"container\" data-settings=\"{&quot;content_width&quot;:&quot;full&quot;}\">\n\t\t\t\t<div class=\"elementor-element elementor-element-2d2b914 elementor-widget elementor-widget-qi_addons_for_elementor_button\" data-id=\"2d2b914\" data-element_type=\"widget\" data-widget_type=\"qi_addons_for_elementor_button.default\">\n\t\t\t\t<div class=\"elementor-widget-container\">\n\t\t\t<a class=\"qodef-shortcode qodef-m  qodef-qi-button qodef-html--link qodef-layout--filled qodef-type--standard   qodef-icon--right qodef-hover--icon-move-horizontal-short     \" href=\"\" target=\"_self\">\n\t<span class=\"qodef-m-text\">D\u00e9couvrez nos quatre grands type d&#039;\u00e9tudes<\/span>\n\t\t<span class=\"qodef-m-icon \">\n\t\t<span class=\"qodef-m-icon-inner\">\n\t\t\t<svg aria-hidden=\"true\" class=\"e-font-icon-svg e-fas-arrow-circle-right\" viewBox=\"0 0 512 512\" xmlns=\"http:\/\/www.w3.org\/2000\/svg\"><path d=\"M256 8c137 0 248 111 248 248S393 504 256 504 8 393 8 256 119 8 256 8zm-28.9 143.6l75.5 72.4H120c-13.3 0-24 10.7-24 24v16c0 13.3 10.7 24 24 24h182.6l-75.5 72.4c-9.7 9.3-9.9 24.8-.4 34.3l11 10.9c9.4 9.4 24.6 9.4 33.9 0L404.3 273c9.4-9.4 9.4-24.6 0-33.9L271.6 106.3c-9.4-9.4-24.6-9.4-33.9 0l-11 10.9c-9.5 9.6-9.3 25.1.4 34.4z\"><\/path><\/svg>\t\t\t\t\t<\/span>\n\t<\/span>\n<\/a>\n\t\t<\/div>\n\t\t\t\t<\/div>\n\t\t\t\t<\/div>\n\t\t<div class=\"elementor-element elementor-element-959783f e-con-full e-flex e-con e-child\" data-id=\"959783f\" data-element_type=\"container\" data-settings=\"{&quot;content_width&quot;:&quot;full&quot;}\">\n\t\t\t\t<\/div>\n\t\t\t\t\t<\/div>\n\t\t\t\t<\/div>\n\t\t\t\t<\/div>\n\t\t","protected":false},"excerpt":{"rendered":"<p>Les Ateliers Concept : 2 \u00e0 4 Focus groupes dont l\u2019animation progresse d\u2019un groupe \u00e0 l\u2019autre, en fonction des informations d\u00e9j\u00e0 recueillies et encore manquantes pour parvenir \u00e0 un r\u00e9sultat satisfaisant. Les Groupes Le Divan : d\u00e9di\u00e9s \u00e0 l\u2019\u00e9valuation et au choix d\u2019un nom, ces focus Groupes suivent un d\u00e9roulement exclusif et reposent sur des\u00a0techniques [&hellip;]<\/p>\n","protected":false},"author":1,"featured_media":0,"parent":0,"menu_order":0,"comment_status":"closed","ping_status":"closed","template":"","meta":{"footnotes":""},"_links":{"self":[{"href":"https:\/\/phd.bessis.fr\/index.php\/wp-json\/wp\/v2\/pages\/12656"}],"collection":[{"href":"https:\/\/phd.bessis.fr\/index.php\/wp-json\/wp\/v2\/pages"}],"about":[{"href":"https:\/\/phd.bessis.fr\/index.php\/wp-json\/wp\/v2\/types\/page"}],"author":[{"embeddable":true,"href":"https:\/\/phd.bessis.fr\/index.php\/wp-json\/wp\/v2\/users\/1"}],"replies":[{"embeddable":true,"href":"https:\/\/phd.bessis.fr\/index.php\/wp-json\/wp\/v2\/comments?post=12656"}],"version-history":[{"count":0,"href":"https:\/\/phd.bessis.fr\/index.php\/wp-json\/wp\/v2\/pages\/12656\/revisions"}],"wp:attachment":[{"href":"https:\/\/phd.bessis.fr\/index.php\/wp-json\/wp\/v2\/media?parent=12656"}],"curies":[{"name":"wp","href":"https:\/\/api.w.org\/{rel}","templated":true}]}}