{"id":13139,"date":"2023-12-27T07:12:42","date_gmt":"2023-12-27T07:12:42","guid":{"rendered":"https:\/\/phd.bessis.fr\/?page_id=13139"},"modified":"2024-01-04T13:56:22","modified_gmt":"2024-01-04T13:56:22","slug":"philosophie-de-naming-bessis","status":"publish","type":"page","link":"https:\/\/phd.bessis.fr\/index.php\/philosophie-de-naming-bessis\/","title":{"rendered":"Philosophie de naming Bessis"},"content":{"rendered":"\t\t<div data-elementor-type=\"wp-page\" data-elementor-id=\"13139\" class=\"elementor elementor-13139\">\n\t\t\t\t<div class=\"elementor-element elementor-element-64f9344 e-con-full e-flex e-con e-parent\" data-id=\"64f9344\" data-element_type=\"container\" data-settings=\"{&quot;content_width&quot;:&quot;full&quot;}\" data-core-v316-plus=\"true\">\n\t\t\t\t<div class=\"elementor-element elementor-element-d02177d elementor-widget elementor-widget-qi_addons_for_elementor_section_title\" data-id=\"d02177d\" data-element_type=\"widget\" data-widget_type=\"qi_addons_for_elementor_section_title.default\">\n\t\t\t\t<div class=\"elementor-widget-container\">\n\t\t\t<div class=\"qodef-shortcode qodef-m  qodef-qi-section-title  qodef-decoration--italic  qodef-link--underline-draw qodef-subtitle-icon--left\">\n\t\t\t\t<h5 class=\"qodef-m-subtitle\">\n\t\tLe naming by Bessis\t\t\t<\/h5>\n\t\t\t<h2 class=\"qodef-m-title\">\n\t\tLA QU\u00caTE DU SUPLL\u00c9MENT D'\u00c2ME\t<\/h2>\n\t\t\t<div class=\"qodef-m-text\"><p>Ce qui nous touche et nous s\u00e9duit \u00e0 travers une offre ne se rattache pas seulement \u00e0 ses caract\u00e9ristiques objectives mais aussi au sentiment qu\u2019elle est\u00a0<em>proche<\/em>\u00a0de nous, qu\u2019elle a\u00a0<em>quelque chose en plus<\/em>\u00a0: suppl\u00e9ment de sens, suppl\u00e9ment d\u2019\u00e2me, little extra something comme disent les anglais.<\/p><p>Ce suppl\u00e9ment d\u2019\u00e2me nos cr\u00e9atifs le cherchent patiemment pour vous proposer des noms porteurs d\u2019imaginaire, d\u2019affects, de valeurs, d\u2019intensit\u00e9\u00a0: un univers inattendu, un l\u00e9ger go\u00fbt d\u2019enfance, une sonorit\u00e9 in\u00e9dite\u2026<\/p><\/div>\n\t<\/div>\n\t\t<\/div>\n\t\t\t\t<\/div>\n\t\t\t\t<div class=\"elementor-element elementor-element-8c12400 elementor-widget elementor-widget-qi_addons_for_elementor_blockquote\" data-id=\"8c12400\" data-element_type=\"widget\" data-widget_type=\"qi_addons_for_elementor_blockquote.default\">\n\t\t\t\t<div class=\"elementor-widget-container\">\n\t\t\t<div class=\"qodef-shortcode qodef-m  qodef-qi-blockquote qodef-layout--inline qodef--icon-pack\">\n\t\t\t<h2 class=\"qodef-m-text\">\n\t\t\t\t\t\t\t<span class=\"qodef-m-icon\">\n\t\t\t\t\t<svg aria-hidden=\"true\" class=\"e-font-icon-svg e-fas-quote-right\" viewBox=\"0 0 512 512\" xmlns=\"http:\/\/www.w3.org\/2000\/svg\"><path d=\"M464 32H336c-26.5 0-48 21.5-48 48v128c0 26.5 21.5 48 48 48h80v64c0 35.3-28.7 64-64 64h-8c-13.3 0-24 10.7-24 24v48c0 13.3 10.7 24 24 24h8c88.4 0 160-71.6 160-160V80c0-26.5-21.5-48-48-48zm-288 0H48C21.5 32 0 53.5 0 80v128c0 26.5 21.5 48 48 48h80v64c0 35.3-28.7 64-64 64h-8c-13.3 0-24 10.7-24 24v48c0 13.3 10.7 24 24 24h8c88.4 0 160-71.6 160-160V80c0-26.5-21.5-48-48-48z\"><\/path><\/svg>\t\t\t\t<\/span>\n\t\t\t\t\t\tVous \u00eates sur le point de donner naissance \u00e0 une marque, \u00e0 un produit, \u00e0 quelque chose qui sera le reflet de votre vision et de votre passion. Dans ce processus cr\u00e9atif, le choix du nom est crucial, et c'est l\u00e0 que Bessis  entre en jeu. <\/br>\n\t\t<\/h2>\n\t<\/div>\n\t\t<\/div>\n\t\t\t\t<\/div>\n\t\t\t\t<\/div>\n\t\t<div class=\"elementor-element elementor-element-3172269 e-flex e-con-boxed e-con e-parent\" data-id=\"3172269\" data-element_type=\"container\" data-settings=\"{&quot;content_width&quot;:&quot;boxed&quot;}\" data-core-v316-plus=\"true\">\n\t\t\t\t\t<div class=\"e-con-inner\">\n\t\t\t\t\t<\/div>\n\t\t\t\t<\/div>\n\t\t<div class=\"elementor-element elementor-element-7944fa3 e-flex e-con-boxed e-con e-parent\" data-id=\"7944fa3\" data-element_type=\"container\" data-settings=\"{&quot;content_width&quot;:&quot;boxed&quot;}\" data-core-v316-plus=\"true\">\n\t\t\t\t\t<div class=\"e-con-inner\">\n\t\t<div class=\"elementor-element elementor-element-3d0a5f3 e-con-full e-flex e-con e-child\" data-id=\"3d0a5f3\" data-element_type=\"container\" data-settings=\"{&quot;content_width&quot;:&quot;full&quot;,&quot;background_background&quot;:&quot;classic&quot;}\">\n\t\t\t\t<div class=\"elementor-element elementor-element-65f2d3e elementor-widget elementor-widget-qi_addons_for_elementor_animated_text\" data-id=\"65f2d3e\" data-element_type=\"widget\" data-widget_type=\"qi_addons_for_elementor_animated_text.default\">\n\t\t\t\t<div class=\"elementor-widget-container\">\n\t\t\t<div class=\"qodef-shortcode qodef-m  qodef-qi-animated-text qodef--animated-by-letter qodef--alignment-center qodef-qi--has-appear qodef--appear-from-left\" >\n\t\t<h2 class=\"qodef-m-title\">\n\t\t<span class=\"qodef-e-word-holder\">Expertise<\/span> <span class=\"qodef-e-word-holder\">Strat\u00e9gique<\/span> <span class=\"qodef-e-word-holder\">In\u00e9gal\u00e9e<\/span>\t<\/h2>\n<\/div>\n\t\t<\/div>\n\t\t\t\t<\/div>\n\t\t\t\t<div class=\"elementor-element elementor-element-d427684 elementor-widget-divider--separator-type-pattern elementor-widget-divider--view-line elementor-widget elementor-widget-divider\" data-id=\"d427684\" data-element_type=\"widget\" data-widget_type=\"divider.default\">\n\t\t\t\t<div class=\"elementor-widget-container\">\n\t\t\t<style>\/*! elementor - v3.19.0 - 07-02-2024 *\/\n.elementor-widget-divider{--divider-border-style:none;--divider-border-width:1px;--divider-color:#0c0d0e;--divider-icon-size:20px;--divider-element-spacing:10px;--divider-pattern-height:24px;--divider-pattern-size:20px;--divider-pattern-url:none;--divider-pattern-repeat:repeat-x}.elementor-widget-divider .elementor-divider{display:flex}.elementor-widget-divider .elementor-divider__text{font-size:15px;line-height:1;max-width:95%}.elementor-widget-divider .elementor-divider__element{margin:0 var(--divider-element-spacing);flex-shrink:0}.elementor-widget-divider .elementor-icon{font-size:var(--divider-icon-size)}.elementor-widget-divider .elementor-divider-separator{display:flex;margin:0;direction:ltr}.elementor-widget-divider--view-line_icon .elementor-divider-separator,.elementor-widget-divider--view-line_text .elementor-divider-separator{align-items:center}.elementor-widget-divider--view-line_icon .elementor-divider-separator:after,.elementor-widget-divider--view-line_icon .elementor-divider-separator:before,.elementor-widget-divider--view-line_text .elementor-divider-separator:after,.elementor-widget-divider--view-line_text .elementor-divider-separator:before{display:block;content:\"\";border-block-end:0;flex-grow:1;border-block-start:var(--divider-border-width) var(--divider-border-style) var(--divider-color)}.elementor-widget-divider--element-align-left .elementor-divider .elementor-divider-separator>.elementor-divider__svg:first-of-type{flex-grow:0;flex-shrink:100}.elementor-widget-divider--element-align-left .elementor-divider-separator:before{content:none}.elementor-widget-divider--element-align-left .elementor-divider__element{margin-left:0}.elementor-widget-divider--element-align-right .elementor-divider .elementor-divider-separator>.elementor-divider__svg:last-of-type{flex-grow:0;flex-shrink:100}.elementor-widget-divider--element-align-right .elementor-divider-separator:after{content:none}.elementor-widget-divider--element-align-right .elementor-divider__element{margin-right:0}.elementor-widget-divider--element-align-start .elementor-divider .elementor-divider-separator>.elementor-divider__svg:first-of-type{flex-grow:0;flex-shrink:100}.elementor-widget-divider--element-align-start .elementor-divider-separator:before{content:none}.elementor-widget-divider--element-align-start .elementor-divider__element{margin-inline-start:0}.elementor-widget-divider--element-align-end .elementor-divider .elementor-divider-separator>.elementor-divider__svg:last-of-type{flex-grow:0;flex-shrink:100}.elementor-widget-divider--element-align-end .elementor-divider-separator:after{content:none}.elementor-widget-divider--element-align-end .elementor-divider__element{margin-inline-end:0}.elementor-widget-divider:not(.elementor-widget-divider--view-line_text):not(.elementor-widget-divider--view-line_icon) .elementor-divider-separator{border-block-start:var(--divider-border-width) var(--divider-border-style) var(--divider-color)}.elementor-widget-divider--separator-type-pattern{--divider-border-style:none}.elementor-widget-divider--separator-type-pattern.elementor-widget-divider--view-line .elementor-divider-separator,.elementor-widget-divider--separator-type-pattern:not(.elementor-widget-divider--view-line) .elementor-divider-separator:after,.elementor-widget-divider--separator-type-pattern:not(.elementor-widget-divider--view-line) .elementor-divider-separator:before,.elementor-widget-divider--separator-type-pattern:not([class*=elementor-widget-divider--view]) .elementor-divider-separator{width:100%;min-height:var(--divider-pattern-height);-webkit-mask-size:var(--divider-pattern-size) 100%;mask-size:var(--divider-pattern-size) 100%;-webkit-mask-repeat:var(--divider-pattern-repeat);mask-repeat:var(--divider-pattern-repeat);background-color:var(--divider-color);-webkit-mask-image:var(--divider-pattern-url);mask-image:var(--divider-pattern-url)}.elementor-widget-divider--no-spacing{--divider-pattern-size:auto}.elementor-widget-divider--bg-round{--divider-pattern-repeat:round}.rtl .elementor-widget-divider .elementor-divider__text{direction:rtl}.e-con-inner>.elementor-widget-divider,.e-con>.elementor-widget-divider{width:var(--container-widget-width,100%);--flex-grow:var(--container-widget-flex-grow)}<\/style>\t\t<div class=\"elementor-divider\" style=\"--divider-pattern-url: url(&quot;data:image\/svg+xml,%3Csvg xmlns=&#039;http:\/\/www.w3.org\/2000\/svg&#039; preserveAspectRatio=&#039;none&#039; overflow=&#039;visible&#039; height=&#039;100%&#039; viewBox=&#039;0 0 24 24&#039; fill=&#039;black&#039; stroke=&#039;none&#039;%3E%3Cpath d=&#039;M12.7,2.3c-0.4-0.4-1.1-0.4-1.5,0l-8,9.1c-0.3,0.4-0.3,0.9,0,1.2l8,9.1c0.4,0.4,1.1,0.4,1.5,0l8-9.1c0.3-0.4,0.3-0.9,0-1.2L12.7,2.3z&#039;\/%3E%3C\/svg%3E&quot;);\">\n\t\t\t<span class=\"elementor-divider-separator\">\n\t\t\t\t\t\t<\/span>\n\t\t<\/div>\n\t\t\t\t<\/div>\n\t\t\t\t<\/div>\n\t\t\t\t<div class=\"elementor-element elementor-element-82345b0 elementor-widget elementor-widget-text-editor\" data-id=\"82345b0\" data-element_type=\"widget\" data-widget_type=\"text-editor.default\">\n\t\t\t\t<div class=\"elementor-widget-container\">\n\t\t\t<style>\/*! elementor - v3.19.0 - 07-02-2024 *\/\n.elementor-widget-text-editor.elementor-drop-cap-view-stacked .elementor-drop-cap{background-color:#69727d;color:#fff}.elementor-widget-text-editor.elementor-drop-cap-view-framed .elementor-drop-cap{color:#69727d;border:3px solid;background-color:transparent}.elementor-widget-text-editor:not(.elementor-drop-cap-view-default) .elementor-drop-cap{margin-top:8px}.elementor-widget-text-editor:not(.elementor-drop-cap-view-default) .elementor-drop-cap-letter{width:1em;height:1em}.elementor-widget-text-editor .elementor-drop-cap{float:left;text-align:center;line-height:1;font-size:50px}.elementor-widget-text-editor .elementor-drop-cap-letter{display:inline-block}<\/style>\t\t\t\t<p>Bessis n&rsquo;est pas simplement un service de cr\u00e9ation de noms, c&rsquo;est une \u00e9quipe de strat\u00e8ges linguistiques et de sp\u00e9cialistes du branding. Chacun de nos noms est fa\u00e7onn\u00e9 par une compr\u00e9hension approfondie de votre march\u00e9, de votre public cible et de vos objectifs commerciaux. Notre approche strat\u00e9gique garantit que le nom que nous cr\u00e9ons n&rsquo;est pas seulement m\u00e9morable, mais qu&rsquo;il communique efficacement vos valeurs et votre proposition de valeur unique.<\/p>\t\t\t\t\t\t<\/div>\n\t\t\t\t<\/div>\n\t\t\t\t<\/div>\n\t\t<div class=\"elementor-element elementor-element-b583a3e e-con-full e-flex e-con e-child\" data-id=\"b583a3e\" data-element_type=\"container\" data-settings=\"{&quot;content_width&quot;:&quot;full&quot;,&quot;background_background&quot;:&quot;classic&quot;}\">\n\t\t\t\t<div class=\"elementor-element elementor-element-60f201d elementor-widget elementor-widget-qi_addons_for_elementor_animated_text\" data-id=\"60f201d\" data-element_type=\"widget\" data-widget_type=\"qi_addons_for_elementor_animated_text.default\">\n\t\t\t\t<div class=\"elementor-widget-container\">\n\t\t\t<div class=\"qodef-shortcode qodef-m  qodef-qi-animated-text qodef--animated-by-letter qodef--alignment-center qodef-qi--has-appear qodef--appear-from-left\" >\n\t\t<h2 class=\"qodef-m-title\">\n\t\t<span class=\"qodef-e-word-holder\">Cr\u00e9ativit\u00e9<\/span> <span class=\"qodef-e-word-holder\">Innovante<\/span>\t<\/h2>\n<\/div>\n\t\t<\/div>\n\t\t\t\t<\/div>\n\t\t\t\t<div class=\"elementor-element elementor-element-3911f29 elementor-widget-divider--separator-type-pattern elementor-widget-divider--view-line elementor-widget elementor-widget-divider\" data-id=\"3911f29\" data-element_type=\"widget\" data-widget_type=\"divider.default\">\n\t\t\t\t<div class=\"elementor-widget-container\">\n\t\t\t\t\t<div class=\"elementor-divider\" style=\"--divider-pattern-url: url(&quot;data:image\/svg+xml,%3Csvg xmlns=&#039;http:\/\/www.w3.org\/2000\/svg&#039; preserveAspectRatio=&#039;none&#039; overflow=&#039;visible&#039; height=&#039;100%&#039; viewBox=&#039;0 0 24 24&#039; fill=&#039;black&#039; stroke=&#039;none&#039;%3E%3Cpath d=&#039;M12.7,2.3c-0.4-0.4-1.1-0.4-1.5,0l-8,9.1c-0.3,0.4-0.3,0.9,0,1.2l8,9.1c0.4,0.4,1.1,0.4,1.5,0l8-9.1c0.3-0.4,0.3-0.9,0-1.2L12.7,2.3z&#039;\/%3E%3C\/svg%3E&quot;);\">\n\t\t\t<span class=\"elementor-divider-separator\">\n\t\t\t\t\t\t<\/span>\n\t\t<\/div>\n\t\t\t\t<\/div>\n\t\t\t\t<\/div>\n\t\t\t\t<div class=\"elementor-element elementor-element-ab043bf elementor-widget elementor-widget-text-editor\" data-id=\"ab043bf\" data-element_type=\"widget\" data-widget_type=\"text-editor.default\">\n\t\t\t\t<div class=\"elementor-widget-container\">\n\t\t\t\t\t\t\t<p>Chez Bessis, nous comprenons l&rsquo;importance de se d\u00e9marquer dans un monde satur\u00e9 d&rsquo;informations. Notre \u00e9quipe de cr\u00e9atifs est passionn\u00e9e par l&rsquo;art de jouer avec les mots, de cr\u00e9er des noms qui captivent l&rsquo;imagination et qui restent ancr\u00e9s dans la m\u00e9moire de votre public. Nous apportons une touche d&rsquo;innovation \u00e0 chaque projet, garantissant que votre nom ne soit pas seulement un mot, mais une exp\u00e9rience m\u00e9morable.<\/p>\t\t\t\t\t\t<\/div>\n\t\t\t\t<\/div>\n\t\t\t\t<\/div>\n\t\t\t\t\t<\/div>\n\t\t\t\t<\/div>\n\t\t<div class=\"elementor-element elementor-element-34708b5 e-flex e-con-boxed e-con e-parent\" data-id=\"34708b5\" data-element_type=\"container\" data-settings=\"{&quot;content_width&quot;:&quot;boxed&quot;}\" data-core-v316-plus=\"true\">\n\t\t\t\t\t<div class=\"e-con-inner\">\n\t\t<div class=\"elementor-element elementor-element-5dbf1f2 e-con-full e-flex e-con e-child\" data-id=\"5dbf1f2\" data-element_type=\"container\" data-settings=\"{&quot;content_width&quot;:&quot;full&quot;,&quot;background_background&quot;:&quot;classic&quot;}\">\n\t\t\t\t<div class=\"elementor-element elementor-element-60ec861 elementor-widget elementor-widget-qi_addons_for_elementor_animated_text\" data-id=\"60ec861\" data-element_type=\"widget\" data-widget_type=\"qi_addons_for_elementor_animated_text.default\">\n\t\t\t\t<div class=\"elementor-widget-container\">\n\t\t\t<div class=\"qodef-shortcode qodef-m  qodef-qi-animated-text qodef--animated-by-letter qodef--alignment-center qodef-qi--has-appear qodef--appear-from-left\" >\n\t\t<h2 class=\"qodef-m-title\">\n\t\t<span class=\"qodef-e-word-holder\">Approche<\/span> <span class=\"qodef-e-word-holder\">Personnalis\u00e9e<\/span>\t<\/h2>\n<\/div>\n\t\t<\/div>\n\t\t\t\t<\/div>\n\t\t\t\t<div class=\"elementor-element elementor-element-e0b9cbb elementor-widget-divider--separator-type-pattern elementor-widget-divider--view-line elementor-widget elementor-widget-divider\" data-id=\"e0b9cbb\" data-element_type=\"widget\" data-widget_type=\"divider.default\">\n\t\t\t\t<div class=\"elementor-widget-container\">\n\t\t\t\t\t<div class=\"elementor-divider\" style=\"--divider-pattern-url: url(&quot;data:image\/svg+xml,%3Csvg xmlns=&#039;http:\/\/www.w3.org\/2000\/svg&#039; preserveAspectRatio=&#039;none&#039; overflow=&#039;visible&#039; height=&#039;100%&#039; viewBox=&#039;0 0 24 24&#039; fill=&#039;black&#039; stroke=&#039;none&#039;%3E%3Cpath d=&#039;M12.7,2.3c-0.4-0.4-1.1-0.4-1.5,0l-8,9.1c-0.3,0.4-0.3,0.9,0,1.2l8,9.1c0.4,0.4,1.1,0.4,1.5,0l8-9.1c0.3-0.4,0.3-0.9,0-1.2L12.7,2.3z&#039;\/%3E%3C\/svg%3E&quot;);\">\n\t\t\t<span class=\"elementor-divider-separator\">\n\t\t\t\t\t\t<\/span>\n\t\t<\/div>\n\t\t\t\t<\/div>\n\t\t\t\t<\/div>\n\t\t\t\t<div class=\"elementor-element elementor-element-d585f0a elementor-widget elementor-widget-text-editor\" data-id=\"d585f0a\" data-element_type=\"widget\" data-widget_type=\"text-editor.default\">\n\t\t\t\t<div class=\"elementor-widget-container\">\n\t\t\t\t\t\t\t<p>Nous comprenons que chaque projet est unique, et c&rsquo;est pourquoi nous adoptons une approche personnalis\u00e9e \u00e0 chaque demande de naming. Que vous soyez une start-up prometteuse ou une entreprise \u00e9tablie cherchant \u00e0 se r\u00e9inventer, notre \u00e9quipe travaille en \u00e9troite collaboration avec vous pour comprendre vos aspirations, vos valeurs et votre identit\u00e9. Le r\u00e9sultat ? Un nom qui r\u00e9sonne avec qui vous \u00eates et o\u00f9 vous allez.<\/p>\t\t\t\t\t\t<\/div>\n\t\t\t\t<\/div>\n\t\t\t\t<\/div>\n\t\t<div class=\"elementor-element elementor-element-15c8c04 e-con-full e-flex e-con e-child\" data-id=\"15c8c04\" data-element_type=\"container\" data-settings=\"{&quot;content_width&quot;:&quot;full&quot;,&quot;background_background&quot;:&quot;classic&quot;}\">\n\t\t\t\t<div class=\"elementor-element elementor-element-e7ec264 elementor-widget elementor-widget-qi_addons_for_elementor_animated_text\" data-id=\"e7ec264\" data-element_type=\"widget\" data-widget_type=\"qi_addons_for_elementor_animated_text.default\">\n\t\t\t\t<div class=\"elementor-widget-container\">\n\t\t\t<div class=\"qodef-shortcode qodef-m  qodef-qi-animated-text qodef--animated-by-letter qodef--alignment-center qodef-qi--has-appear qodef--appear-from-left\" >\n\t\t<h2 class=\"qodef-m-title\">\n\t\t<span class=\"qodef-e-word-holder\">Engagement<\/span> <span class=\"qodef-e-word-holder\">envers<\/span> <span class=\"qodef-e-word-holder\">l'Excellence<\/span> <span class=\"qodef-e-word-holder\"><\/span>\t<\/h2>\n<\/div>\n\t\t<\/div>\n\t\t\t\t<\/div>\n\t\t\t\t<div class=\"elementor-element elementor-element-19b705d elementor-widget-divider--separator-type-pattern elementor-widget-divider--view-line elementor-widget elementor-widget-divider\" data-id=\"19b705d\" data-element_type=\"widget\" data-widget_type=\"divider.default\">\n\t\t\t\t<div class=\"elementor-widget-container\">\n\t\t\t\t\t<div class=\"elementor-divider\" style=\"--divider-pattern-url: url(&quot;data:image\/svg+xml,%3Csvg xmlns=&#039;http:\/\/www.w3.org\/2000\/svg&#039; preserveAspectRatio=&#039;none&#039; overflow=&#039;visible&#039; height=&#039;100%&#039; viewBox=&#039;0 0 24 24&#039; fill=&#039;black&#039; stroke=&#039;none&#039;%3E%3Cpath d=&#039;M12.7,2.3c-0.4-0.4-1.1-0.4-1.5,0l-8,9.1c-0.3,0.4-0.3,0.9,0,1.2l8,9.1c0.4,0.4,1.1,0.4,1.5,0l8-9.1c0.3-0.4,0.3-0.9,0-1.2L12.7,2.3z&#039;\/%3E%3C\/svg%3E&quot;);\">\n\t\t\t<span class=\"elementor-divider-separator\">\n\t\t\t\t\t\t<\/span>\n\t\t<\/div>\n\t\t\t\t<\/div>\n\t\t\t\t<\/div>\n\t\t\t\t<div class=\"elementor-element elementor-element-b4463c9 elementor-widget elementor-widget-text-editor\" data-id=\"b4463c9\" data-element_type=\"widget\" data-widget_type=\"text-editor.default\">\n\t\t\t\t<div class=\"elementor-widget-container\">\n\t\t\t\t\t\t\t<p>Chez Bessis nous ne visons rien de moins que l&rsquo;excellence. Chaque projet est trait\u00e9 avec un niveau d&rsquo;engagement et d&rsquo;attention aux d\u00e9tails qui va au-del\u00e0 des attentes. Nous sommes d\u00e9termin\u00e9s \u00e0 fournir des noms qui d\u00e9passent vos aspirations et qui contribuent \u00e0 la cr\u00e9ation d&rsquo;une marque forte et m\u00e9morable.<\/p>\t\t\t\t\t\t<\/div>\n\t\t\t\t<\/div>\n\t\t\t\t<\/div>\n\t\t\t\t\t<\/div>\n\t\t\t\t<\/div>\n\t\t<div class=\"elementor-element elementor-element-96d6ecd e-flex e-con-boxed e-con e-parent\" data-id=\"96d6ecd\" data-element_type=\"container\" data-settings=\"{&quot;content_width&quot;:&quot;boxed&quot;}\" data-core-v316-plus=\"true\">\n\t\t\t\t\t<div class=\"e-con-inner\">\n\t\t\t\t<div class=\"elementor-element elementor-element-16f54d8 elementor-widget elementor-widget-qi_addons_for_elementor_animated_text\" data-id=\"16f54d8\" data-element_type=\"widget\" data-widget_type=\"qi_addons_for_elementor_animated_text.default\">\n\t\t\t\t<div class=\"elementor-widget-container\">\n\t\t\t<div class=\"qodef-shortcode qodef-m  qodef-qi-animated-text qodef--animated-by-letter qodef--alignment-center qodef-qi--has-appear qodef--appear-from-left\" >\n\t\t<h2 class=\"qodef-m-title\">\n\t\t<span class=\"qodef-e-word-holder\">En<\/span> <span class=\"qodef-e-word-holder\">conclusion,<\/span> <span class=\"qodef-e-word-holder\">choisir<\/span> <span class=\"qodef-e-word-holder\">Bessis,<\/span> <span class=\"qodef-e-word-holder\">c'est<\/span> <span class=\"qodef-e-word-holder\">choisir<\/span> <span class=\"qodef-e-word-holder\">une<\/span> <span class=\"qodef-e-word-holder\">\u00e9quipe<\/span> <span class=\"qodef-e-word-holder\">qui<\/span> <span class=\"qodef-e-word-holder\">combine<\/span> <span class=\"qodef-e-word-holder\">une<\/span> <span class=\"qodef-e-word-holder\">expertise<\/span> <span class=\"qodef-e-word-holder\">strat\u00e9gique<\/span> <span class=\"qodef-e-word-holder\">in\u00e9gal\u00e9e,<\/span> <span class=\"qodef-e-word-holder\">une<\/span> <span class=\"qodef-e-word-holder\">cr\u00e9ativit\u00e9<\/span> <span class=\"qodef-e-word-holder\">innovante,<\/span> <span class=\"qodef-e-word-holder\">une<\/span> <span class=\"qodef-e-word-holder\">approche<\/span> <span class=\"qodef-e-word-holder\">personnalis\u00e9e<\/span> <span class=\"qodef-e-word-holder\">et<\/span> <span class=\"qodef-e-word-holder\">un<\/span> <span class=\"qodef-e-word-holder\">engagement<\/span> <span class=\"qodef-e-word-holder\">in\u00e9branlable<\/span> <span class=\"qodef-e-word-holder\">envers<\/span> <span class=\"qodef-e-word-holder\">l'excellence.<\/span> <span class=\"qodef-e-word-holder\">Votre<\/span> <span class=\"qodef-e-word-holder\">nom<\/span> <span class=\"qodef-e-word-holder\">n'est<\/span> <span class=\"qodef-e-word-holder\">pas<\/span> <span class=\"qodef-e-word-holder\">simplement<\/span> <span class=\"qodef-e-word-holder\">un<\/span> <span class=\"qodef-e-word-holder\">ensemble<\/span> <span class=\"qodef-e-word-holder\">de<\/span> <span class=\"qodef-e-word-holder\">lettres<\/span> <span class=\"qodef-e-word-holder\">;<\/span> <span class=\"qodef-e-word-holder\">c'est<\/span> <span class=\"qodef-e-word-holder\">le<\/span> <span class=\"qodef-e-word-holder\">fondement<\/span> <span class=\"qodef-e-word-holder\">sur<\/span> <span class=\"qodef-e-word-holder\">lequel<\/span> <span class=\"qodef-e-word-holder\">repose<\/span> <span class=\"qodef-e-word-holder\">votre<\/span> <span class=\"qodef-e-word-holder\">identit\u00e9<\/span> <span class=\"qodef-e-word-holder\">commerciale.<\/span> <span class=\"qodef-e-word-holder\">Avec<\/span> <span class=\"qodef-e-word-holder\">Bessis,<\/span> <span class=\"qodef-e-word-holder\">soyez<\/span> <span class=\"qodef-e-word-holder\">pr\u00eat<\/span> <span class=\"qodef-e-word-holder\">\u00e0<\/span> <span class=\"qodef-e-word-holder\">voir<\/span> <span class=\"qodef-e-word-holder\">votre<\/span> <span class=\"qodef-e-word-holder\">vision<\/span> <span class=\"qodef-e-word-holder\">prendre<\/span> <span class=\"qodef-e-word-holder\">vie<\/span> <span class=\"qodef-e-word-holder\">\u00e0<\/span> <span class=\"qodef-e-word-holder\">travers<\/span> <span class=\"qodef-e-word-holder\">le<\/span> <span class=\"qodef-e-word-holder\">pouvoir<\/span> <span class=\"qodef-e-word-holder\">d'un<\/span> <span class=\"qodef-e-word-holder\">nom<\/span> <span class=\"qodef-e-word-holder\">exceptionnel.<\/span>\t<\/h2>\n<\/div>\n\t\t<\/div>\n\t\t\t\t<\/div>\n\t\t\t\t\t<\/div>\n\t\t\t\t<\/div>\n\t\t<div class=\"elementor-element elementor-element-62f26c1 e-flex e-con-boxed e-con e-parent\" data-id=\"62f26c1\" data-element_type=\"container\" data-settings=\"{&quot;content_width&quot;:&quot;boxed&quot;}\" data-core-v316-plus=\"true\">\n\t\t\t\t\t<div class=\"e-con-inner\">\n\t\t<div class=\"elementor-element elementor-element-9b31c4c e-con-full e-flex e-con e-child\" data-id=\"9b31c4c\" data-element_type=\"container\" data-settings=\"{&quot;content_width&quot;:&quot;full&quot;}\">\n\t\t\t\t<\/div>\n\t\t<div class=\"elementor-element elementor-element-97686ed e-con-full e-flex e-con e-child\" data-id=\"97686ed\" data-element_type=\"container\" data-settings=\"{&quot;content_width&quot;:&quot;full&quot;}\">\n\t\t\t\t<div class=\"elementor-element elementor-element-1239964 elementor-widget elementor-widget-qi_addons_for_elementor_button\" data-id=\"1239964\" data-element_type=\"widget\" data-widget_type=\"qi_addons_for_elementor_button.default\">\n\t\t\t\t<div class=\"elementor-widget-container\">\n\t\t\t<a class=\"qodef-shortcode qodef-m  qodef-qi-button qodef-html--link qodef-layout--textual    qodef-icon--right qodef-hover--icon-move-horizontal-short   qodef-text-underline qodef-underline--left \" href=\"https:\/\/phd.bessis.fr\/index.php\/nos-quatre-grands-types-detudes\/\" target=\"_self\">\n\t<span class=\"qodef-m-text\">Nos \u00e9tudes de naming chez Bessis<\/span>\n\t<\/a>\n\t\t<\/div>\n\t\t\t\t<\/div>\n\t\t\t\t<\/div>\n\t\t<div class=\"elementor-element elementor-element-d7f7f1b e-con-full e-flex e-con e-child\" data-id=\"d7f7f1b\" data-element_type=\"container\" data-settings=\"{&quot;content_width&quot;:&quot;full&quot;}\">\n\t\t\t\t<\/div>\n\t\t\t\t\t<\/div>\n\t\t\t\t<\/div>\n\t\t\t\t<\/div>\n\t\t","protected":false},"excerpt":{"rendered":"<p>Le naming by Bessis LA QU\u00caTE DU SUPLL\u00c9MENT D&rsquo;\u00c2ME Ce qui nous touche et nous s\u00e9duit \u00e0 travers une offre ne se rattache pas seulement \u00e0 ses caract\u00e9ristiques objectives mais aussi au sentiment qu\u2019elle est\u00a0proche\u00a0de nous, qu\u2019elle a\u00a0quelque chose en plus\u00a0: suppl\u00e9ment de sens, suppl\u00e9ment d\u2019\u00e2me, little extra something comme disent les anglais. Ce suppl\u00e9ment [&hellip;]<\/p>\n","protected":false},"author":1,"featured_media":0,"parent":0,"menu_order":0,"comment_status":"closed","ping_status":"closed","template":"","meta":{"footnotes":""},"_links":{"self":[{"href":"https:\/\/phd.bessis.fr\/index.php\/wp-json\/wp\/v2\/pages\/13139"}],"collection":[{"href":"https:\/\/phd.bessis.fr\/index.php\/wp-json\/wp\/v2\/pages"}],"about":[{"href":"https:\/\/phd.bessis.fr\/index.php\/wp-json\/wp\/v2\/types\/page"}],"author":[{"embeddable":true,"href":"https:\/\/phd.bessis.fr\/index.php\/wp-json\/wp\/v2\/users\/1"}],"replies":[{"embeddable":true,"href":"https:\/\/phd.bessis.fr\/index.php\/wp-json\/wp\/v2\/comments?post=13139"}],"version-history":[{"count":0,"href":"https:\/\/phd.bessis.fr\/index.php\/wp-json\/wp\/v2\/pages\/13139\/revisions"}],"wp:attachment":[{"href":"https:\/\/phd.bessis.fr\/index.php\/wp-json\/wp\/v2\/media?parent=13139"}],"curies":[{"name":"wp","href":"https:\/\/api.w.org\/{rel}","templated":true}]}}