{"id":13433,"date":"2024-01-03T08:50:57","date_gmt":"2024-01-03T08:50:57","guid":{"rendered":"https:\/\/phd.bessis.fr\/?page_id=13433"},"modified":"2024-01-03T08:59:45","modified_gmt":"2024-01-03T08:59:45","slug":"etudes-qualitatives-pour-le-nom-de-marque-parfait","status":"publish","type":"page","link":"https:\/\/phd.bessis.fr\/index.php\/etudes-qualitatives-pour-le-nom-de-marque-parfait\/","title":{"rendered":"\u00c9tudes qualitatives pour le nom de marque parfait"},"content":{"rendered":"\t\t<div data-elementor-type=\"wp-page\" data-elementor-id=\"13433\" class=\"elementor elementor-13433\">\n\t\t\t\t<div class=\"elementor-element elementor-element-96a20ee e-flex e-con-boxed e-con e-parent\" data-id=\"96a20ee\" data-element_type=\"container\" data-settings=\"{&quot;content_width&quot;:&quot;boxed&quot;}\" data-core-v316-plus=\"true\">\n\t\t\t\t\t<div class=\"e-con-inner\">\n\t\t\t\t<div class=\"elementor-element elementor-element-f3789d5 elementor-widget elementor-widget-heading\" data-id=\"f3789d5\" data-element_type=\"widget\" data-widget_type=\"heading.default\">\n\t\t\t\t<div class=\"elementor-widget-container\">\n\t\t\t<style>\/*! elementor - v3.19.0 - 07-02-2024 *\/\n.elementor-heading-title{padding:0;margin:0;line-height:1}.elementor-widget-heading .elementor-heading-title[class*=elementor-size-]>a{color:inherit;font-size:inherit;line-height:inherit}.elementor-widget-heading .elementor-heading-title.elementor-size-small{font-size:15px}.elementor-widget-heading .elementor-heading-title.elementor-size-medium{font-size:19px}.elementor-widget-heading .elementor-heading-title.elementor-size-large{font-size:29px}.elementor-widget-heading .elementor-heading-title.elementor-size-xl{font-size:39px}.elementor-widget-heading .elementor-heading-title.elementor-size-xxl{font-size:59px}<\/style><h2 class=\"elementor-heading-title elementor-size-default\">Men\u00e9es aupr\u00e8s de vos clients, nos \u00e9tudes vous permettent de comprendre leurs attentes.<\/h2>\t\t<\/div>\n\t\t\t\t<\/div>\n\t\t\t\t\t<\/div>\n\t\t\t\t<\/div>\n\t\t<div class=\"elementor-element elementor-element-8fcc327 e-flex e-con-boxed e-con e-parent\" data-id=\"8fcc327\" data-element_type=\"container\" data-settings=\"{&quot;content_width&quot;:&quot;boxed&quot;}\" data-core-v316-plus=\"true\">\n\t\t\t\t\t<div class=\"e-con-inner\">\n\t\t\t\t<div class=\"elementor-element elementor-element-381fb3f elementor-widget-divider--view-line_icon elementor-view-default elementor-widget-divider--element-align-center elementor-widget elementor-widget-divider\" data-id=\"381fb3f\" data-element_type=\"widget\" data-widget_type=\"divider.default\">\n\t\t\t\t<div class=\"elementor-widget-container\">\n\t\t\t<style>\/*! elementor - v3.19.0 - 07-02-2024 *\/\n.elementor-widget-divider{--divider-border-style:none;--divider-border-width:1px;--divider-color:#0c0d0e;--divider-icon-size:20px;--divider-element-spacing:10px;--divider-pattern-height:24px;--divider-pattern-size:20px;--divider-pattern-url:none;--divider-pattern-repeat:repeat-x}.elementor-widget-divider .elementor-divider{display:flex}.elementor-widget-divider .elementor-divider__text{font-size:15px;line-height:1;max-width:95%}.elementor-widget-divider .elementor-divider__element{margin:0 var(--divider-element-spacing);flex-shrink:0}.elementor-widget-divider .elementor-icon{font-size:var(--divider-icon-size)}.elementor-widget-divider .elementor-divider-separator{display:flex;margin:0;direction:ltr}.elementor-widget-divider--view-line_icon .elementor-divider-separator,.elementor-widget-divider--view-line_text .elementor-divider-separator{align-items:center}.elementor-widget-divider--view-line_icon .elementor-divider-separator:after,.elementor-widget-divider--view-line_icon .elementor-divider-separator:before,.elementor-widget-divider--view-line_text .elementor-divider-separator:after,.elementor-widget-divider--view-line_text .elementor-divider-separator:before{display:block;content:\"\";border-block-end:0;flex-grow:1;border-block-start:var(--divider-border-width) var(--divider-border-style) var(--divider-color)}.elementor-widget-divider--element-align-left .elementor-divider .elementor-divider-separator>.elementor-divider__svg:first-of-type{flex-grow:0;flex-shrink:100}.elementor-widget-divider--element-align-left .elementor-divider-separator:before{content:none}.elementor-widget-divider--element-align-left .elementor-divider__element{margin-left:0}.elementor-widget-divider--element-align-right .elementor-divider .elementor-divider-separator>.elementor-divider__svg:last-of-type{flex-grow:0;flex-shrink:100}.elementor-widget-divider--element-align-right .elementor-divider-separator:after{content:none}.elementor-widget-divider--element-align-right .elementor-divider__element{margin-right:0}.elementor-widget-divider--element-align-start .elementor-divider .elementor-divider-separator>.elementor-divider__svg:first-of-type{flex-grow:0;flex-shrink:100}.elementor-widget-divider--element-align-start .elementor-divider-separator:before{content:none}.elementor-widget-divider--element-align-start .elementor-divider__element{margin-inline-start:0}.elementor-widget-divider--element-align-end .elementor-divider .elementor-divider-separator>.elementor-divider__svg:last-of-type{flex-grow:0;flex-shrink:100}.elementor-widget-divider--element-align-end .elementor-divider-separator:after{content:none}.elementor-widget-divider--element-align-end .elementor-divider__element{margin-inline-end:0}.elementor-widget-divider:not(.elementor-widget-divider--view-line_text):not(.elementor-widget-divider--view-line_icon) .elementor-divider-separator{border-block-start:var(--divider-border-width) var(--divider-border-style) var(--divider-color)}.elementor-widget-divider--separator-type-pattern{--divider-border-style:none}.elementor-widget-divider--separator-type-pattern.elementor-widget-divider--view-line .elementor-divider-separator,.elementor-widget-divider--separator-type-pattern:not(.elementor-widget-divider--view-line) .elementor-divider-separator:after,.elementor-widget-divider--separator-type-pattern:not(.elementor-widget-divider--view-line) .elementor-divider-separator:before,.elementor-widget-divider--separator-type-pattern:not([class*=elementor-widget-divider--view]) .elementor-divider-separator{width:100%;min-height:var(--divider-pattern-height);-webkit-mask-size:var(--divider-pattern-size) 100%;mask-size:var(--divider-pattern-size) 100%;-webkit-mask-repeat:var(--divider-pattern-repeat);mask-repeat:var(--divider-pattern-repeat);background-color:var(--divider-color);-webkit-mask-image:var(--divider-pattern-url);mask-image:var(--divider-pattern-url)}.elementor-widget-divider--no-spacing{--divider-pattern-size:auto}.elementor-widget-divider--bg-round{--divider-pattern-repeat:round}.rtl .elementor-widget-divider .elementor-divider__text{direction:rtl}.e-con-inner>.elementor-widget-divider,.e-con>.elementor-widget-divider{width:var(--container-widget-width,100%);--flex-grow:var(--container-widget-flex-grow)}<\/style>\t\t<div class=\"elementor-divider\">\n\t\t\t<span class=\"elementor-divider-separator\">\n\t\t\t\t\t\t\t<div class=\"elementor-icon elementor-divider__element\">\n\t\t\t\t\t<svg aria-hidden=\"true\" class=\"e-font-icon-svg e-fas-dot-circle\" viewBox=\"0 0 512 512\" xmlns=\"http:\/\/www.w3.org\/2000\/svg\"><path d=\"M256 8C119.033 8 8 119.033 8 256s111.033 248 248 248 248-111.033 248-248S392.967 8 256 8zm80 248c0 44.112-35.888 80-80 80s-80-35.888-80-80 35.888-80 80-80 80 35.888 80 80z\"><\/path><\/svg><\/div>\n\t\t\t\t\t\t<\/span>\n\t\t<\/div>\n\t\t\t\t<\/div>\n\t\t\t\t<\/div>\n\t\t\t\t<div class=\"elementor-element elementor-element-dc67234 elementor-widget elementor-widget-text-editor\" data-id=\"dc67234\" data-element_type=\"widget\" data-widget_type=\"text-editor.default\">\n\t\t\t\t<div class=\"elementor-widget-container\">\n\t\t\t<style>\/*! elementor - v3.19.0 - 07-02-2024 *\/\n.elementor-widget-text-editor.elementor-drop-cap-view-stacked .elementor-drop-cap{background-color:#69727d;color:#fff}.elementor-widget-text-editor.elementor-drop-cap-view-framed .elementor-drop-cap{color:#69727d;border:3px solid;background-color:transparent}.elementor-widget-text-editor:not(.elementor-drop-cap-view-default) .elementor-drop-cap{margin-top:8px}.elementor-widget-text-editor:not(.elementor-drop-cap-view-default) .elementor-drop-cap-letter{width:1em;height:1em}.elementor-widget-text-editor .elementor-drop-cap{float:left;text-align:center;line-height:1;font-size:50px}.elementor-widget-text-editor .elementor-drop-cap-letter{display:inline-block}<\/style>\t\t\t\t<p>Dans l&rsquo;univers comp\u00e9titif du marketing, le pouvoir des mots ne peut \u00eatre sous-estim\u00e9. Trouver le wording id\u00e9al pour le nom d&rsquo;une marque est un exercice subtil alliant cr\u00e9ativit\u00e9, strat\u00e9gie et compr\u00e9hension profonde de l&rsquo;impact linguistique. Dans cet article, nous explorerons les \u00e9tapes essentielles d&rsquo;une \u00e9tude qualitative de mots, une d\u00e9marche strat\u00e9gique visant \u00e0 d\u00e9voiler le potentiel cach\u00e9 derri\u00e8re chaque syllabe, chaque nuance, et \u00e0 forger ainsi une identit\u00e9 de marque m\u00e9morable et puissante.<\/p>\t\t\t\t\t\t<\/div>\n\t\t\t\t<\/div>\n\t\t\t\t\t<\/div>\n\t\t\t\t<\/div>\n\t\t<div class=\"elementor-element elementor-element-cdd62c7 e-flex e-con-boxed e-con e-parent\" data-id=\"cdd62c7\" data-element_type=\"container\" data-settings=\"{&quot;content_width&quot;:&quot;boxed&quot;}\" data-core-v316-plus=\"true\">\n\t\t\t\t\t<div class=\"e-con-inner\">\n\t\t\t\t<div class=\"elementor-element elementor-element-f1a0b17 elementor-widget elementor-widget-qi_addons_for_elementor_section_title\" data-id=\"f1a0b17\" data-element_type=\"widget\" id=\"strategy\" data-widget_type=\"qi_addons_for_elementor_section_title.default\">\n\t\t\t\t<div class=\"elementor-widget-container\">\n\t\t\t<div class=\"qodef-shortcode qodef-m  qodef-qi-section-title qodef-title-break--disabled qodef-decoration--italic qodef-text-link--underline-thick qodef-link--underline-draw qodef-subtitle-icon--left\">\n\t\t\t\t\t\t<h2 class=\"qodef-m-title\">\n\t\t1.Immersion Profonde dans l'ADN de la Marque\t<\/h2>\n\t\t\t<div class=\"qodef-m-text\"><p>Avant m\u00eame de jouer avec les mots, il est imp\u00e9ratif de plonger au c\u0153ur de l'essence de la marque. Comprendre sa mission, ses valeurs et son public cible permet de poser les fondations d'une recherche de wording pertinente et align\u00e9e. Cette immersion pr\u00e9liminaire sert de boussole, guidant chaque choix linguistique vers une coh\u00e9rence et une authenticit\u00e9 in\u00e9gal\u00e9es.<\/p><\/div>\n\t\t<div class=\"qodef-m-button qodef-qi-clear\">\n\t\t<a class=\"qodef-shortcode qodef-m  qodef-qi-button qodef-html--link qodef-layout--filled qodef-type--standard   qodef-icon--right qodef-hover--icon-move-horizontal-short     \" href=\"https:\/\/phd.bessis.fr\/index.php\/nos-principaux-outils-detude\/\" target=\"_self\">\t<span class=\"qodef-m-text\">D\u00e9couvrez nos principaux outils d&#039;\u00e9tude<\/span>\t\t<span class=\"qodef-m-icon \">\t\t<span class=\"qodef-m-icon-inner\">\t\t\t<svg aria-hidden=\"true\" class=\"e-font-icon-svg e-fas-arrow-alt-circle-right\" viewBox=\"0 0 512 512\" xmlns=\"http:\/\/www.w3.org\/2000\/svg\"><path d=\"M256 8c137 0 248 111 248 248S393 504 256 504 8 393 8 256 119 8 256 8zM140 300h116v70.9c0 10.7 13 16.1 20.5 8.5l114.3-114.9c4.7-4.7 4.7-12.2 0-16.9l-114.3-115c-7.6-7.6-20.5-2.2-20.5 8.5V212H140c-6.6 0-12 5.4-12 12v64c0 6.6 5.4 12 12 12z\"><\/path><\/svg>\t\t\t\t\t<\/span>\t<\/span><\/a>\t<\/div>\n<\/div>\n\t\t<\/div>\n\t\t\t\t<\/div>\n\t\t\t\t<div class=\"elementor-element elementor-element-4de59b6 elementor-widget elementor-widget-qi_addons_for_elementor_section_title\" data-id=\"4de59b6\" data-element_type=\"widget\" id=\"innove\" data-widget_type=\"qi_addons_for_elementor_section_title.default\">\n\t\t\t\t<div class=\"elementor-widget-container\">\n\t\t\t<div class=\"qodef-shortcode qodef-m  qodef-qi-section-title qodef-title-break--disabled qodef-decoration--italic qodef-text-link--underline-thick qodef-link--underline-draw qodef-subtitle-icon--left\">\n\t\t\t\t\t\t<h2 class=\"qodef-m-title\">\n\t\t2. Analyse des Tendances et de la Concurrence\t<\/h2>\n\t\t\t<div class=\"qodef-m-text\"><p>La cr\u00e9ativit\u00e9 s'\u00e9panouit dans le contexte. Une analyse approfondie des tendances du march\u00e9 et des choix linguistiques de la concurrence offre un aper\u00e7u pr\u00e9cieux des dynamiques actuelles. C'est en comprenant le paysage s\u00e9mantique environnant que l'on peut choisir d\u00e9lib\u00e9r\u00e9ment de s'y conformer ou de s'en \u00e9loigner pour se d\u00e9marquer. Une strat\u00e9gie qui marie innovation et adaptation.<\/p><\/div>\n\t\t<div class=\"qodef-m-button qodef-qi-clear\">\n\t\t<a class=\"qodef-shortcode qodef-m  qodef-qi-button qodef-html--link qodef-layout--filled qodef-type--standard   qodef-icon--right qodef-hover--icon-move-horizontal-short     \" href=\"https:\/\/phd.bessis.fr\/index.php\/les-4-grandes-familles-detudes\/\" target=\"_self\">\t<span class=\"qodef-m-text\">D\u00e9couvrez nos quatres grandes familles d&#039;\u00e9tudes<\/span>\t\t<span class=\"qodef-m-icon \">\t\t<span class=\"qodef-m-icon-inner\">\t\t\t<svg aria-hidden=\"true\" class=\"e-font-icon-svg e-fas-arrow-alt-circle-right\" viewBox=\"0 0 512 512\" xmlns=\"http:\/\/www.w3.org\/2000\/svg\"><path d=\"M256 8c137 0 248 111 248 248S393 504 256 504 8 393 8 256 119 8 256 8zM140 300h116v70.9c0 10.7 13 16.1 20.5 8.5l114.3-114.9c4.7-4.7 4.7-12.2 0-16.9l-114.3-115c-7.6-7.6-20.5-2.2-20.5 8.5V212H140c-6.6 0-12 5.4-12 12v64c0 6.6 5.4 12 12 12z\"><\/path><\/svg>\t\t\t\t\t<\/span>\t<\/span><\/a>\t<\/div>\n<\/div>\n\t\t<\/div>\n\t\t\t\t<\/div>\n\t\t\t\t<div class=\"elementor-element elementor-element-eaaed25 elementor-widget elementor-widget-qi_addons_for_elementor_section_title\" data-id=\"eaaed25\" data-element_type=\"widget\" data-widget_type=\"qi_addons_for_elementor_section_title.default\">\n\t\t\t\t<div class=\"elementor-widget-container\">\n\t\t\t<div class=\"qodef-shortcode qodef-m  qodef-qi-section-title qodef-title-break--disabled qodef-decoration--italic qodef-text-link--underline-thick qodef-link--underline-draw qodef-subtitle-icon--left\">\n\t\t\t\t\t\t<h2 class=\"qodef-m-title\">\n\t\t3. Exploration S\u00e9mantique et \u00c9motionnelle\t<\/h2>\n\t\t\t<div class=\"qodef-m-text\"><p>L'\u00e9tude qualitative d\u00e9bute par une exploration minutieuse des significations s\u00e9mantiques et \u00e9motionnelles associ\u00e9es aux concepts cl\u00e9s de la marque. Chaque mot potentiel est examin\u00e9 sous toutes ses facettes, r\u00e9v\u00e9lant ainsi les connexions subtiles qui r\u00e9sonneront avec le public vis\u00e9. Cette d\u00e9marche d\u00e9licate transforme la recherche de wording en une qu\u00eate d'\u00e9motion, fa\u00e7onnant ainsi une identit\u00e9 de marque capable de susciter des r\u00e9actions profondes.<\/p><\/div>\n\t\t<div class=\"qodef-m-button qodef-qi-clear\">\n\t\t<a class=\"qodef-shortcode qodef-m  qodef-qi-button qodef-html--link qodef-layout--filled qodef-type--standard   qodef-icon--right qodef-hover--icon-move-horizontal-short     \" href=\"https:\/\/phd.bessis.fr\/index.php\/les-4-grandes-familles-detudes\/\" target=\"_self\">\t<span class=\"qodef-m-text\">D\u00e9couvrez nos quatres grandes familles d&#039;\u00e9tudes<\/span>\t\t<span class=\"qodef-m-icon \">\t\t<span class=\"qodef-m-icon-inner\">\t\t\t<svg aria-hidden=\"true\" class=\"e-font-icon-svg e-fas-arrow-alt-circle-right\" viewBox=\"0 0 512 512\" xmlns=\"http:\/\/www.w3.org\/2000\/svg\"><path d=\"M256 8c137 0 248 111 248 248S393 504 256 504 8 393 8 256 119 8 256 8zM140 300h116v70.9c0 10.7 13 16.1 20.5 8.5l114.3-114.9c4.7-4.7 4.7-12.2 0-16.9l-114.3-115c-7.6-7.6-20.5-2.2-20.5 8.5V212H140c-6.6 0-12 5.4-12 12v64c0 6.6 5.4 12 12 12z\"><\/path><\/svg>\t\t\t\t\t<\/span>\t<\/span><\/a>\t<\/div>\n<\/div>\n\t\t<\/div>\n\t\t\t\t<\/div>\n\t\t\t\t<div class=\"elementor-element elementor-element-1eb0a6e elementor-widget elementor-widget-qi_addons_for_elementor_section_title\" data-id=\"1eb0a6e\" data-element_type=\"widget\" data-widget_type=\"qi_addons_for_elementor_section_title.default\">\n\t\t\t\t<div class=\"elementor-widget-container\">\n\t\t\t<div class=\"qodef-shortcode qodef-m  qodef-qi-section-title qodef-title-break--disabled qodef-decoration--italic qodef-text-link--underline-thick qodef-link--underline-draw qodef-subtitle-icon--left\">\n\t\t\t\t\t\t<h2 class=\"qodef-m-title\">\n\t\t4. Test Aupr\u00e8s de Panels Cibl\u00e9s\t<\/h2>\n\t\t\t<div class=\"qodef-m-text\"><p><em>L'ultime test d'un mot de marque r\u00e9side dans sa r\u00e9ception r\u00e9elle. Des panels de consommateurs soigneusement s\u00e9lectionn\u00e9s participent \u00e0 des sessions de discussion et de feedback, permettant ainsi d'affiner les choix linguistiques en fonction de la perception r\u00e9elle. Ce processus it\u00e9ratif garantit non seulement la pertinence culturelle, mais \u00e9galement l'attrait \u00e9motionnel attendu de la part du public cible.<\/em><\/p><\/div>\n\t\t<div class=\"qodef-m-button qodef-qi-clear\">\n\t\t<a class=\"qodef-shortcode qodef-m  qodef-qi-button qodef-html--link qodef-layout--filled qodef-type--standard   qodef-icon--right qodef-hover--icon-move-horizontal-short     \" href=\"https:\/\/phd.bessis.fr\/index.php\/les-4-grandes-familles-detudes\/\" target=\"_self\">\t<span class=\"qodef-m-text\">D\u00e9couvrez nos quatres grandes familles d&#039;\u00e9tudes<\/span>\t\t<span class=\"qodef-m-icon \">\t\t<span class=\"qodef-m-icon-inner\">\t\t\t<svg aria-hidden=\"true\" class=\"e-font-icon-svg e-fas-arrow-alt-circle-right\" viewBox=\"0 0 512 512\" xmlns=\"http:\/\/www.w3.org\/2000\/svg\"><path d=\"M256 8c137 0 248 111 248 248S393 504 256 504 8 393 8 256 119 8 256 8zM140 300h116v70.9c0 10.7 13 16.1 20.5 8.5l114.3-114.9c4.7-4.7 4.7-12.2 0-16.9l-114.3-115c-7.6-7.6-20.5-2.2-20.5 8.5V212H140c-6.6 0-12 5.4-12 12v64c0 6.6 5.4 12 12 12z\"><\/path><\/svg>\t\t\t\t\t<\/span>\t<\/span><\/a>\t<\/div>\n<\/div>\n\t\t<\/div>\n\t\t\t\t<\/div>\n\t\t\t\t<div class=\"elementor-element elementor-element-3d1d363 elementor-widget elementor-widget-spacer\" data-id=\"3d1d363\" data-element_type=\"widget\" data-widget_type=\"spacer.default\">\n\t\t\t\t<div class=\"elementor-widget-container\">\n\t\t\t<style>\/*! elementor - v3.19.0 - 07-02-2024 *\/\n.elementor-column .elementor-spacer-inner{height:var(--spacer-size)}.e-con{--container-widget-width:100%}.e-con-inner>.elementor-widget-spacer,.e-con>.elementor-widget-spacer{width:var(--container-widget-width,var(--spacer-size));--align-self:var(--container-widget-align-self,initial);--flex-shrink:0}.e-con-inner>.elementor-widget-spacer>.elementor-widget-container,.e-con>.elementor-widget-spacer>.elementor-widget-container{height:100%;width:100%}.e-con-inner>.elementor-widget-spacer>.elementor-widget-container>.elementor-spacer,.e-con>.elementor-widget-spacer>.elementor-widget-container>.elementor-spacer{height:100%}.e-con-inner>.elementor-widget-spacer>.elementor-widget-container>.elementor-spacer>.elementor-spacer-inner,.e-con>.elementor-widget-spacer>.elementor-widget-container>.elementor-spacer>.elementor-spacer-inner{height:var(--container-widget-height,var(--spacer-size))}.e-con-inner>.elementor-widget-spacer.elementor-widget-empty,.e-con>.elementor-widget-spacer.elementor-widget-empty{position:relative;min-height:22px;min-width:22px}.e-con-inner>.elementor-widget-spacer.elementor-widget-empty .elementor-widget-empty-icon,.e-con>.elementor-widget-spacer.elementor-widget-empty .elementor-widget-empty-icon{position:absolute;top:0;bottom:0;left:0;right:0;margin:auto;padding:0;width:22px;height:22px}<\/style>\t\t<div class=\"elementor-spacer\">\n\t\t\t<div class=\"elementor-spacer-inner\"><\/div>\n\t\t<\/div>\n\t\t\t\t<\/div>\n\t\t\t\t<\/div>\n\t\t\t\t<div class=\"elementor-element elementor-element-e4db2e5 elementor-widget elementor-widget-heading\" data-id=\"e4db2e5\" data-element_type=\"widget\" data-widget_type=\"heading.default\">\n\t\t\t\t<div class=\"elementor-widget-container\">\n\t\t\t<h2 class=\"elementor-heading-title elementor-size-default\">Conclusion: Forger l'Identit\u00e9 Parfaite\n\n<\/h2>\t\t<\/div>\n\t\t\t\t<\/div>\n\t\t\t\t<div class=\"elementor-element elementor-element-c883796 elementor-widget-divider--view-line elementor-widget elementor-widget-divider\" data-id=\"c883796\" data-element_type=\"widget\" data-widget_type=\"divider.default\">\n\t\t\t\t<div class=\"elementor-widget-container\">\n\t\t\t\t\t<div class=\"elementor-divider\">\n\t\t\t<span class=\"elementor-divider-separator\">\n\t\t\t\t\t\t<\/span>\n\t\t<\/div>\n\t\t\t\t<\/div>\n\t\t\t\t<\/div>\n\t\t\t\t<div class=\"elementor-element elementor-element-35a7e46 elementor-widget elementor-widget-qi_addons_for_elementor_section_title\" data-id=\"35a7e46\" data-element_type=\"widget\" data-widget_type=\"qi_addons_for_elementor_section_title.default\">\n\t\t\t\t<div class=\"elementor-widget-container\">\n\t\t\t<div class=\"qodef-shortcode qodef-m  qodef-qi-section-title qodef-title-break--disabled qodef-decoration--italic qodef-text-link--underline-thick qodef-link--underline-draw qodef-subtitle-icon--left\">\n\t\t\t\t\t\t\t\t<div class=\"qodef-m-text\">En naviguant \u00e0 travers ces \u00e9tapes cruciales d'une \u00e9tude qualitative de mots, les marques peuvent transcender la simple d\u00e9nomination pour devenir des entit\u00e9s dot\u00e9es de significations profondes et de connexions \u00e9motionnelles. Trouver le bon wording n'est pas seulement un acte de cr\u00e9ation, mais une strat\u00e9gie r\u00e9fl\u00e9chie pour fa\u00e7onner une identit\u00e9 m\u00e9morable et p\u00e9renne sur le march\u00e9 mondial dynamique d'aujourd'hui.\n\n\n\n\n\n<\/div>\n\t<\/div>\n\t\t<\/div>\n\t\t\t\t<\/div>\n\t\t\t\t<div class=\"elementor-element elementor-element-69f66d1 elementor-widget elementor-widget-spacer\" data-id=\"69f66d1\" data-element_type=\"widget\" data-widget_type=\"spacer.default\">\n\t\t\t\t<div class=\"elementor-widget-container\">\n\t\t\t\t\t<div class=\"elementor-spacer\">\n\t\t\t<div class=\"elementor-spacer-inner\"><\/div>\n\t\t<\/div>\n\t\t\t\t<\/div>\n\t\t\t\t<\/div>\n\t\t\t\t\t<\/div>\n\t\t\t\t<\/div>\n\t\t<div class=\"elementor-element elementor-element-92248f4 e-flex e-con-boxed e-con e-parent\" data-id=\"92248f4\" data-element_type=\"container\" data-settings=\"{&quot;content_width&quot;:&quot;boxed&quot;}\" data-core-v316-plus=\"true\">\n\t\t\t\t\t<div class=\"e-con-inner\">\n\t\t\t\t<div class=\"elementor-element elementor-element-454501c elementor-widget elementor-widget-spacer\" data-id=\"454501c\" data-element_type=\"widget\" data-widget_type=\"spacer.default\">\n\t\t\t\t<div class=\"elementor-widget-container\">\n\t\t\t\t\t<div class=\"elementor-spacer\">\n\t\t\t<div class=\"elementor-spacer-inner\"><\/div>\n\t\t<\/div>\n\t\t\t\t<\/div>\n\t\t\t\t<\/div>\n\t\t\t\t\t<\/div>\n\t\t\t\t<\/div>\n\t\t\t\t<\/div>\n\t\t","protected":false},"excerpt":{"rendered":"<p>Men\u00e9es aupr\u00e8s de vos clients, nos \u00e9tudes vous permettent de comprendre leurs attentes. Dans l&rsquo;univers comp\u00e9titif du marketing, le pouvoir des mots ne peut \u00eatre sous-estim\u00e9. Trouver le wording id\u00e9al pour le nom d&rsquo;une marque est un exercice subtil alliant cr\u00e9ativit\u00e9, strat\u00e9gie et compr\u00e9hension profonde de l&rsquo;impact linguistique. Dans cet article, nous explorerons les \u00e9tapes [&hellip;]<\/p>\n","protected":false},"author":1,"featured_media":0,"parent":0,"menu_order":0,"comment_status":"closed","ping_status":"closed","template":"page-full-width.php","meta":{"footnotes":""},"_links":{"self":[{"href":"https:\/\/phd.bessis.fr\/index.php\/wp-json\/wp\/v2\/pages\/13433"}],"collection":[{"href":"https:\/\/phd.bessis.fr\/index.php\/wp-json\/wp\/v2\/pages"}],"about":[{"href":"https:\/\/phd.bessis.fr\/index.php\/wp-json\/wp\/v2\/types\/page"}],"author":[{"embeddable":true,"href":"https:\/\/phd.bessis.fr\/index.php\/wp-json\/wp\/v2\/users\/1"}],"replies":[{"embeddable":true,"href":"https:\/\/phd.bessis.fr\/index.php\/wp-json\/wp\/v2\/comments?post=13433"}],"version-history":[{"count":0,"href":"https:\/\/phd.bessis.fr\/index.php\/wp-json\/wp\/v2\/pages\/13433\/revisions"}],"wp:attachment":[{"href":"https:\/\/phd.bessis.fr\/index.php\/wp-json\/wp\/v2\/media?parent=13433"}],"curies":[{"name":"wp","href":"https:\/\/api.w.org\/{rel}","templated":true}]}}