{"id":13733,"date":"2024-02-04T08:46:44","date_gmt":"2024-02-04T08:46:44","guid":{"rendered":"https:\/\/phd.bessis.fr\/?page_id=13733"},"modified":"2024-02-06T19:43:44","modified_gmt":"2024-02-06T19:43:44","slug":"portfolio","status":"publish","type":"page","link":"https:\/\/phd.bessis.fr\/index.php\/portfolio\/","title":{"rendered":"Portfolio"},"content":{"rendered":"\t\t<div data-elementor-type=\"wp-page\" data-elementor-id=\"13733\" class=\"elementor elementor-13733\">\n\t\t\t\t<div class=\"elementor-element elementor-element-297df6e e-con-full e-flex e-con e-parent\" data-id=\"297df6e\" data-element_type=\"container\" data-settings=\"{&quot;content_width&quot;:&quot;full&quot;}\" data-core-v316-plus=\"true\">\n\t\t\t\t<div class=\"elementor-element elementor-element-4741e51 elementor-widget elementor-widget-thorsten_core_portfolio_list\" data-id=\"4741e51\" data-element_type=\"widget\" data-widget_type=\"thorsten_core_portfolio_list.default\">\n\t\t\t\t<div class=\"elementor-widget-container\">\n\t\t\t<div class=\"qodef-shortcode qodef-m  qodef-portfolio-list qodef-item-layout--info-below qodef-custom-padding   qodef-pl-appear-animation--yes qodef-grid qodef-layout--columns qodef-layout--no  qodef-gutter--small qodef-col-num--4 qodef-item-layout--info-below qodef-filter--on qodef--no-bottom-space qodef-pagination--off qodef-responsive--predefined\" data-options=\"{&quot;plugin&quot;:&quot;thorsten_core&quot;,&quot;module&quot;:&quot;post-types\\\/portfolio\\\/shortcodes&quot;,&quot;shortcode&quot;:&quot;portfolio-list&quot;,&quot;post_type&quot;:&quot;portfolio-item&quot;,&quot;next_page&quot;:&quot;2&quot;,&quot;max_pages_num&quot;:1,&quot;behavior&quot;:&quot;columns&quot;,&quot;images_proportion&quot;:&quot;custom&quot;,&quot;custom_image_width&quot;:&quot;200&quot;,&quot;custom_image_height&quot;:&quot;200&quot;,&quot;columns&quot;:&quot;4&quot;,&quot;columns_responsive&quot;:&quot;predefined&quot;,&quot;space&quot;:&quot;small&quot;,&quot;posts_per_page&quot;:&quot;20&quot;,&quot;orderby&quot;:&quot;date&quot;,&quot;order&quot;:&quot;DESC&quot;,&quot;layout&quot;:&quot;info-below&quot;,&quot;hover_animation_info-follow&quot;:&quot;follow&quot;,&quot;title_tag&quot;:&quot;h4&quot;,&quot;custom_padding&quot;:&quot;yes&quot;,&quot;custom_behavior&quot;:&quot;no&quot;,&quot;show_info_below_on_masonry_list&quot;:&quot;no&quot;,&quot;light_skin&quot;:&quot;no&quot;,&quot;appear_animation&quot;:&quot;yes&quot;,&quot;enable_filter&quot;:&quot;yes&quot;,&quot;pagination_type&quot;:&quot;no-pagination&quot;,&quot;object_class_name&quot;:&quot;ThorstenCore_Portfolio_List_Shortcode&quot;,&quot;taxonomy_filter&quot;:&quot;portfolio-category&quot;,&quot;additional_query_args&quot;:[],&quot;unique&quot;:115,&quot;space_value&quot;:10}\">\n\t\t<div class=\"qodef-m-filter\">\n\t\t\t\t\t<div class=\"qodef-m-filter-items\">\n\t\t\t\t<a class=\"qodef-m-filter-item qodef--active\" href=\"#\" data-taxonomy=\"portfolio-category\" data-filter=\"*\">\n\t\t\t\t\t<span class=\"qodef-m-filter-item-name\">Show All<\/span>\n\t\t\t\t<\/a>\n\t\t\t\t\t\t\t\t\t<a class=\"qodef-m-filter-item\" href=\"#\" data-taxonomy=\"portfolio-category\" data-filter=\"alimentaire-et-boissons\">\n\t\t\t\t\t\t<span class=\"qodef-m-filter-item-name\">Alimentaire et boissons<\/span>\n\t\t\t\t\t<\/a>\n\t\t\t\t\t\t\t\t\t<a class=\"qodef-m-filter-item\" href=\"#\" data-taxonomy=\"portfolio-category\" data-filter=\"banque-et-assurance\">\n\t\t\t\t\t\t<span class=\"qodef-m-filter-item-name\">Banque et assurance<\/span>\n\t\t\t\t\t<\/a>\n\t\t\t\t\t\t\t\t\t<a class=\"qodef-m-filter-item\" href=\"#\" data-taxonomy=\"portfolio-category\" data-filter=\"enseigne-marques\">\n\t\t\t\t\t\t<span class=\"qodef-m-filter-item-name\">Enseigne, marques<\/span>\n\t\t\t\t\t<\/a>\n\t\t\t\t\t\t\t\t\t<a class=\"qodef-m-filter-item\" href=\"#\" data-taxonomy=\"portfolio-category\" data-filter=\"equipement-btp-et-industrie\">\n\t\t\t\t\t\t<span class=\"qodef-m-filter-item-name\">Equipement, BTP et industrie<\/span>\n\t\t\t\t\t<\/a>\n\t\t\t\t\t\t\t\t\t<a class=\"qodef-m-filter-item\" href=\"#\" data-taxonomy=\"portfolio-category\" data-filter=\"medical-sante-et-environnement\">\n\t\t\t\t\t\t<span class=\"qodef-m-filter-item-name\">M\u00e9dical, Sante et Environnement<\/span>\n\t\t\t\t\t<\/a>\n\t\t\t\t\t\t\t\t\t<a class=\"qodef-m-filter-item\" href=\"#\" data-taxonomy=\"portfolio-category\" data-filter=\"noms-de-societes\">\n\t\t\t\t\t\t<span class=\"qodef-m-filter-item-name\">Noms de soci\u00e9t\u00e9s<\/span>\n\t\t\t\t\t<\/a>\n\t\t\t\t\t\t\t\t\t<a class=\"qodef-m-filter-item\" href=\"#\" data-taxonomy=\"portfolio-category\" data-filter=\"parfums-et-beaute\">\n\t\t\t\t\t\t<span class=\"qodef-m-filter-item-name\">Parfums et Beaut\u00e9<\/span>\n\t\t\t\t\t<\/a>\n\t\t\t\t\t\t\t\t\t<a class=\"qodef-m-filter-item\" href=\"#\" data-taxonomy=\"portfolio-category\" data-filter=\"transport-et-services\">\n\t\t\t\t\t\t<span class=\"qodef-m-filter-item-name\">Transport et services<\/span>\n\t\t\t\t\t<\/a>\n\t\t\t\t\t\t\t<\/div>\n\t\t\t<\/div>\n\t<div class=\"qodef-grid-inner clear\">\n\t\t<article class=\"qodef-e qodef-grid-item qodef-item--custom post-13804 portfolio-item type-portfolio-item status-publish has-post-thumbnail hentry portfolio-category-noms-de-societes\">\n\t<div class=\"qodef-e-inner\" >\n\t\t<div class=\"qodef-e-image\">\n\t\t\t\t<div class=\"qodef-e-media-image\">\n\t\t<a itemprop=\"url\" href=\"https:\/\/phd.bessis.fr\/index.php\/portfolio-item\/itinova\/\">\n\t\t\t<img decoding=\"async\" src=\"https:\/\/phd.bessis.fr\/wp-content\/uploads\/2023\/12\/bessis_naming_itinova-200x200.jpg\" alt=\"\" width=\"200\" height=\"200\" data-ratio=\"1\" \/>\t\t<\/a>\n\t<\/div>\n\t\t<\/div>\n\t\t<div class=\"qodef-e-content\" >\n\t\t\t\t<div class=\"qodef-e-info-category\">\n\t\t\t\t\t<a itemprop=\"url\" class=\"qodef-e-category\" href=\"https:\/\/phd.bessis.fr\/index.php\/portfolio-category\/noms-de-societes\/\">\n\t\t\t\tNoms de soci\u00e9t\u00e9s\t\t\t<\/a>\n\t\t\t<\/div>\n\t\t\t<h4 itemprop=\"name\" class=\"qodef-e-title entry-title\" >\n\t<a itemprop=\"url\" class=\"qodef-e-title-link\" href=\"https:\/\/phd.bessis.fr\/index.php\/portfolio-item\/itinova\/\">\n\t\tItinova\t<\/a>\n<\/h4>\n\t\t<\/div>\n\t<\/div>\n<\/article>\n<article class=\"qodef-e qodef-grid-item qodef-item--custom post-13802 portfolio-item type-portfolio-item status-publish has-post-thumbnail hentry portfolio-category-parfums-et-beaute\">\n\t<div class=\"qodef-e-inner\" >\n\t\t<div class=\"qodef-e-image\">\n\t\t\t\t<div class=\"qodef-e-media-image\">\n\t\t<a itemprop=\"url\" href=\"https:\/\/phd.bessis.fr\/index.php\/portfolio-item\/irresistible\/\">\n\t\t\t<img decoding=\"async\" src=\"https:\/\/phd.bessis.fr\/wp-content\/uploads\/2023\/12\/bessis-naming-irresistible-2-2-200x200.jpg\" alt=\"\" width=\"200\" height=\"200\" data-ratio=\"1\" \/>\t\t<\/a>\n\t<\/div>\n\t\t<\/div>\n\t\t<div class=\"qodef-e-content\" >\n\t\t\t\t<div class=\"qodef-e-info-category\">\n\t\t\t\t\t<a itemprop=\"url\" class=\"qodef-e-category\" href=\"https:\/\/phd.bessis.fr\/index.php\/portfolio-category\/parfums-et-beaute\/\">\n\t\t\t\tParfums et Beaut\u00e9\t\t\t<\/a>\n\t\t\t<\/div>\n\t\t\t<h4 itemprop=\"name\" class=\"qodef-e-title entry-title\" >\n\t<a itemprop=\"url\" class=\"qodef-e-title-link\" href=\"https:\/\/phd.bessis.fr\/index.php\/portfolio-item\/irresistible\/\">\n\t\tIrresistible\t<\/a>\n<\/h4>\n\t\t<\/div>\n\t<\/div>\n<\/article>\n<article class=\"qodef-e qodef-grid-item qodef-item--custom post-13800 portfolio-item type-portfolio-item status-publish has-post-thumbnail hentry portfolio-category-equipement-btp-et-industrie\">\n\t<div class=\"qodef-e-inner\" >\n\t\t<div class=\"qodef-e-image\">\n\t\t\t\t<div class=\"qodef-e-media-image\">\n\t\t<a itemprop=\"url\" href=\"https:\/\/phd.bessis.fr\/index.php\/portfolio-item\/innessens\/\">\n\t\t\t<img decoding=\"async\" src=\"https:\/\/phd.bessis.fr\/wp-content\/uploads\/2023\/12\/alizen-bessis-naming-200x200.jpg\" alt=\"\" width=\"200\" height=\"200\" data-ratio=\"1\" \/>\t\t<\/a>\n\t<\/div>\n\t\t<\/div>\n\t\t<div class=\"qodef-e-content\" >\n\t\t\t\t<div class=\"qodef-e-info-category\">\n\t\t\t\t\t<a itemprop=\"url\" class=\"qodef-e-category\" href=\"https:\/\/phd.bessis.fr\/index.php\/portfolio-category\/equipement-btp-et-industrie\/\">\n\t\t\t\tEquipement, BTP et industrie\t\t\t<\/a>\n\t\t\t<\/div>\n\t\t\t<h4 itemprop=\"name\" class=\"qodef-e-title entry-title\" >\n\t<a itemprop=\"url\" class=\"qodef-e-title-link\" href=\"https:\/\/phd.bessis.fr\/index.php\/portfolio-item\/innessens\/\">\n\t\tInnessens\t<\/a>\n<\/h4>\n\t\t<\/div>\n\t<\/div>\n<\/article>\n<article class=\"qodef-e qodef-grid-item qodef-item--custom post-13798 portfolio-item type-portfolio-item status-publish has-post-thumbnail hentry portfolio-category-alimentaire-et-boissons\">\n\t<div class=\"qodef-e-inner\" >\n\t\t<div class=\"qodef-e-image\">\n\t\t\t\t<div class=\"qodef-e-media-image\">\n\t\t<a itemprop=\"url\" href=\"https:\/\/phd.bessis.fr\/index.php\/portfolio-item\/alizen-digesteo\/\">\n\t\t\t<img decoding=\"async\" src=\"https:\/\/phd.bessis.fr\/wp-content\/uploads\/2023\/12\/alizen-bessis-naming-200x200.jpg\" alt=\"\" width=\"200\" height=\"200\" data-ratio=\"1\" \/>\t\t<\/a>\n\t<\/div>\n\t\t<\/div>\n\t\t<div class=\"qodef-e-content\" >\n\t\t\t\t<div class=\"qodef-e-info-category\">\n\t\t\t\t\t<a itemprop=\"url\" class=\"qodef-e-category\" href=\"https:\/\/phd.bessis.fr\/index.php\/portfolio-category\/alimentaire-et-boissons\/\">\n\t\t\t\tAlimentaire et boissons\t\t\t<\/a>\n\t\t\t<\/div>\n\t\t\t<h4 itemprop=\"name\" class=\"qodef-e-title entry-title\" >\n\t<a itemprop=\"url\" class=\"qodef-e-title-link\" href=\"https:\/\/phd.bessis.fr\/index.php\/portfolio-item\/alizen-digesteo\/\">\n\t\tAlizen, Digesteo\t<\/a>\n<\/h4>\n\t\t<\/div>\n\t<\/div>\n<\/article>\n<article class=\"qodef-e qodef-grid-item qodef-item--custom post-13796 portfolio-item type-portfolio-item status-publish has-post-thumbnail hentry portfolio-category-transport-et-services\">\n\t<div class=\"qodef-e-inner\" >\n\t\t<div class=\"qodef-e-image\">\n\t\t\t\t<div class=\"qodef-e-media-image\">\n\t\t<a itemprop=\"url\" href=\"https:\/\/phd.bessis.fr\/index.php\/portfolio-item\/fillitup\/\">\n\t\t\t<img loading=\"lazy\" decoding=\"async\" src=\"https:\/\/phd.bessis.fr\/wp-content\/uploads\/2023\/12\/melavelo-bessis-naming-innovation-200x200.jpg\" alt=\"\" width=\"200\" height=\"200\" data-ratio=\"1\" \/>\t\t<\/a>\n\t<\/div>\n\t\t<\/div>\n\t\t<div class=\"qodef-e-content\" >\n\t\t\t\t<div class=\"qodef-e-info-category\">\n\t\t\t\t\t<a itemprop=\"url\" class=\"qodef-e-category\" href=\"https:\/\/phd.bessis.fr\/index.php\/portfolio-category\/transport-et-services\/\">\n\t\t\t\tTransport et services\t\t\t<\/a>\n\t\t\t<\/div>\n\t\t\t<h4 itemprop=\"name\" class=\"qodef-e-title entry-title\" >\n\t<a itemprop=\"url\" class=\"qodef-e-title-link\" href=\"https:\/\/phd.bessis.fr\/index.php\/portfolio-item\/fillitup\/\">\n\t\tFillItUp\t<\/a>\n<\/h4>\n\t\t<\/div>\n\t<\/div>\n<\/article>\n<article class=\"qodef-e qodef-grid-item qodef-item--custom post-13794 portfolio-item type-portfolio-item status-publish has-post-thumbnail hentry portfolio-category-transport-et-services\">\n\t<div class=\"qodef-e-inner\" >\n\t\t<div class=\"qodef-e-image\">\n\t\t\t\t<div class=\"qodef-e-media-image\">\n\t\t<a itemprop=\"url\" href=\"https:\/\/phd.bessis.fr\/index.php\/portfolio-item\/melavelo\/\">\n\t\t\t<img loading=\"lazy\" decoding=\"async\" src=\"https:\/\/phd.bessis.fr\/wp-content\/uploads\/2023\/12\/melavelo-bessis-naming-innovation-200x200.jpg\" alt=\"\" width=\"200\" height=\"200\" data-ratio=\"1\" \/>\t\t<\/a>\n\t<\/div>\n\t\t<\/div>\n\t\t<div class=\"qodef-e-content\" >\n\t\t\t\t<div class=\"qodef-e-info-category\">\n\t\t\t\t\t<a itemprop=\"url\" class=\"qodef-e-category\" href=\"https:\/\/phd.bessis.fr\/index.php\/portfolio-category\/transport-et-services\/\">\n\t\t\t\tTransport et services\t\t\t<\/a>\n\t\t\t<\/div>\n\t\t\t<h4 itemprop=\"name\" class=\"qodef-e-title entry-title\" >\n\t<a itemprop=\"url\" class=\"qodef-e-title-link\" href=\"https:\/\/phd.bessis.fr\/index.php\/portfolio-item\/melavelo\/\">\n\t\tMel\u00e0velo\t<\/a>\n<\/h4>\n\t\t<\/div>\n\t<\/div>\n<\/article>\n<article class=\"qodef-e qodef-grid-item qodef-item--custom post-13792 portfolio-item type-portfolio-item status-publish has-post-thumbnail hentry portfolio-category-equipement-btp-et-industrie\">\n\t<div class=\"qodef-e-inner\" >\n\t\t<div class=\"qodef-e-image\">\n\t\t\t\t<div class=\"qodef-e-media-image\">\n\t\t<a itemprop=\"url\" href=\"https:\/\/phd.bessis.fr\/index.php\/portfolio-item\/agilium\/\">\n\t\t\t<img loading=\"lazy\" decoding=\"async\" src=\"https:\/\/phd.bessis.fr\/wp-content\/uploads\/2023\/12\/pam-building-agilium-200x200.jpg\" alt=\"\" width=\"200\" height=\"200\" data-ratio=\"1\" \/>\t\t<\/a>\n\t<\/div>\n\t\t<\/div>\n\t\t<div class=\"qodef-e-content\" >\n\t\t\t\t<div class=\"qodef-e-info-category\">\n\t\t\t\t\t<a itemprop=\"url\" class=\"qodef-e-category\" href=\"https:\/\/phd.bessis.fr\/index.php\/portfolio-category\/equipement-btp-et-industrie\/\">\n\t\t\t\tEquipement, BTP et industrie\t\t\t<\/a>\n\t\t\t<\/div>\n\t\t\t<h4 itemprop=\"name\" class=\"qodef-e-title entry-title\" >\n\t<a itemprop=\"url\" class=\"qodef-e-title-link\" href=\"https:\/\/phd.bessis.fr\/index.php\/portfolio-item\/agilium\/\">\n\t\tAgilium\t<\/a>\n<\/h4>\n\t\t<\/div>\n\t<\/div>\n<\/article>\n<article class=\"qodef-e qodef-grid-item qodef-item--custom post-13790 portfolio-item type-portfolio-item status-publish has-post-thumbnail hentry portfolio-category-medical-sante-et-environnement\">\n\t<div class=\"qodef-e-inner\" >\n\t\t<div class=\"qodef-e-image\">\n\t\t\t\t<div class=\"qodef-e-media-image\">\n\t\t<a itemprop=\"url\" href=\"https:\/\/phd.bessis.fr\/index.php\/portfolio-item\/revaloriz\/\">\n\t\t\t<img loading=\"lazy\" decoding=\"async\" src=\"https:\/\/phd.bessis.fr\/wp-content\/uploads\/2023\/12\/revaloriz-2-200x200.jpg\" alt=\"\" width=\"200\" height=\"200\" data-ratio=\"1\" \/>\t\t<\/a>\n\t<\/div>\n\t\t<\/div>\n\t\t<div class=\"qodef-e-content\" >\n\t\t\t\t<div class=\"qodef-e-info-category\">\n\t\t\t\t\t<a itemprop=\"url\" class=\"qodef-e-category\" href=\"https:\/\/phd.bessis.fr\/index.php\/portfolio-category\/medical-sante-et-environnement\/\">\n\t\t\t\tM\u00e9dical, Sante et Environnement\t\t\t<\/a>\n\t\t\t<\/div>\n\t\t\t<h4 itemprop=\"name\" class=\"qodef-e-title entry-title\" >\n\t<a itemprop=\"url\" class=\"qodef-e-title-link\" href=\"https:\/\/phd.bessis.fr\/index.php\/portfolio-item\/revaloriz\/\">\n\t\tRevaloriz\t<\/a>\n<\/h4>\n\t\t<\/div>\n\t<\/div>\n<\/article>\n<article class=\"qodef-e qodef-grid-item qodef-item--custom post-13788 portfolio-item type-portfolio-item status-publish has-post-thumbnail hentry portfolio-category-enseigne-marques\">\n\t<div class=\"qodef-e-inner\" >\n\t\t<div class=\"qodef-e-image\">\n\t\t\t\t<div class=\"qodef-e-media-image\">\n\t\t<a itemprop=\"url\" href=\"https:\/\/phd.bessis.fr\/index.php\/portfolio-item\/combineo\/\">\n\t\t\t<img loading=\"lazy\" decoding=\"async\" src=\"https:\/\/phd.bessis.fr\/wp-content\/uploads\/2023\/12\/legrand-eloe-200x200.jpg\" alt=\"\" width=\"200\" height=\"200\" data-ratio=\"1\" \/>\t\t<\/a>\n\t<\/div>\n\t\t<\/div>\n\t\t<div class=\"qodef-e-content\" >\n\t\t\t\t<div class=\"qodef-e-info-category\">\n\t\t\t\t\t<a itemprop=\"url\" class=\"qodef-e-category\" href=\"https:\/\/phd.bessis.fr\/index.php\/portfolio-category\/enseigne-marques\/\">\n\t\t\t\tEnseigne, marques\t\t\t<\/a>\n\t\t\t<\/div>\n\t\t\t<h4 itemprop=\"name\" class=\"qodef-e-title entry-title\" >\n\t<a itemprop=\"url\" class=\"qodef-e-title-link\" href=\"https:\/\/phd.bessis.fr\/index.php\/portfolio-item\/combineo\/\">\n\t\tCombineo\t<\/a>\n<\/h4>\n\t\t<\/div>\n\t<\/div>\n<\/article>\n<article class=\"qodef-e qodef-grid-item qodef-item--custom post-13786 portfolio-item type-portfolio-item status-publish has-post-thumbnail hentry portfolio-category-banque-et-assurance\">\n\t<div class=\"qodef-e-inner\" >\n\t\t<div class=\"qodef-e-image\">\n\t\t\t\t<div class=\"qodef-e-media-image\">\n\t\t<a itemprop=\"url\" href=\"https:\/\/phd.bessis.fr\/index.php\/portfolio-item\/horizen\/\">\n\t\t\t<img loading=\"lazy\" decoding=\"async\" src=\"https:\/\/phd.bessis.fr\/wp-content\/uploads\/2023\/12\/legrand-eloe-200x200.jpg\" alt=\"\" width=\"200\" height=\"200\" data-ratio=\"1\" \/>\t\t<\/a>\n\t<\/div>\n\t\t<\/div>\n\t\t<div class=\"qodef-e-content\" >\n\t\t\t\t<div class=\"qodef-e-info-category\">\n\t\t\t\t\t<a itemprop=\"url\" class=\"qodef-e-category\" href=\"https:\/\/phd.bessis.fr\/index.php\/portfolio-category\/banque-et-assurance\/\">\n\t\t\t\tBanque et assurance\t\t\t<\/a>\n\t\t\t<\/div>\n\t\t\t<h4 itemprop=\"name\" class=\"qodef-e-title entry-title\" >\n\t<a itemprop=\"url\" class=\"qodef-e-title-link\" href=\"https:\/\/phd.bessis.fr\/index.php\/portfolio-item\/horizen\/\">\n\t\tHorizen\t<\/a>\n<\/h4>\n\t\t<\/div>\n\t<\/div>\n<\/article>\n<article class=\"qodef-e qodef-grid-item qodef-item--custom post-13784 portfolio-item type-portfolio-item status-publish has-post-thumbnail hentry portfolio-category-enseigne-marques\">\n\t<div class=\"qodef-e-inner\" >\n\t\t<div class=\"qodef-e-image\">\n\t\t\t\t<div class=\"qodef-e-media-image\">\n\t\t<a itemprop=\"url\" href=\"https:\/\/phd.bessis.fr\/index.php\/portfolio-item\/les-engage-e-s\/\">\n\t\t\t<img loading=\"lazy\" decoding=\"async\" src=\"https:\/\/phd.bessis.fr\/wp-content\/uploads\/2023\/12\/legrand-eloe-200x200.jpg\" alt=\"\" width=\"200\" height=\"200\" data-ratio=\"1\" \/>\t\t<\/a>\n\t<\/div>\n\t\t<\/div>\n\t\t<div class=\"qodef-e-content\" >\n\t\t\t\t<div class=\"qodef-e-info-category\">\n\t\t\t\t\t<a itemprop=\"url\" class=\"qodef-e-category\" href=\"https:\/\/phd.bessis.fr\/index.php\/portfolio-category\/enseigne-marques\/\">\n\t\t\t\tEnseigne, marques\t\t\t<\/a>\n\t\t\t<\/div>\n\t\t\t<h4 itemprop=\"name\" class=\"qodef-e-title entry-title\" >\n\t<a itemprop=\"url\" class=\"qodef-e-title-link\" href=\"https:\/\/phd.bessis.fr\/index.php\/portfolio-item\/les-engage-e-s\/\">\n\t\tLes engag\u00e9.e.s\t<\/a>\n<\/h4>\n\t\t<\/div>\n\t<\/div>\n<\/article>\n<article class=\"qodef-e qodef-grid-item qodef-item--custom post-13782 portfolio-item type-portfolio-item status-publish has-post-thumbnail hentry portfolio-category-alimentaire-et-boissons\">\n\t<div class=\"qodef-e-inner\" >\n\t\t<div class=\"qodef-e-image\">\n\t\t\t\t<div class=\"qodef-e-media-image\">\n\t\t<a itemprop=\"url\" href=\"https:\/\/phd.bessis.fr\/index.php\/portfolio-item\/les-minutes-papilles\/\">\n\t\t\t<img loading=\"lazy\" decoding=\"async\" src=\"https:\/\/phd.bessis.fr\/wp-content\/uploads\/2023\/12\/legrand-eloe-200x200.jpg\" alt=\"\" width=\"200\" height=\"200\" data-ratio=\"1\" \/>\t\t<\/a>\n\t<\/div>\n\t\t<\/div>\n\t\t<div class=\"qodef-e-content\" >\n\t\t\t\t<div class=\"qodef-e-info-category\">\n\t\t\t\t\t<a itemprop=\"url\" class=\"qodef-e-category\" href=\"https:\/\/phd.bessis.fr\/index.php\/portfolio-category\/alimentaire-et-boissons\/\">\n\t\t\t\tAlimentaire et boissons\t\t\t<\/a>\n\t\t\t<\/div>\n\t\t\t<h4 itemprop=\"name\" class=\"qodef-e-title entry-title\" >\n\t<a itemprop=\"url\" class=\"qodef-e-title-link\" href=\"https:\/\/phd.bessis.fr\/index.php\/portfolio-item\/les-minutes-papilles\/\">\n\t\tLes Minutes Papilles\t<\/a>\n<\/h4>\n\t\t<\/div>\n\t<\/div>\n<\/article>\n<article class=\"qodef-e qodef-grid-item qodef-item--custom post-13780 portfolio-item type-portfolio-item status-publish has-post-thumbnail hentry portfolio-category-enseigne-marques\">\n\t<div class=\"qodef-e-inner\" >\n\t\t<div class=\"qodef-e-image\">\n\t\t\t\t<div class=\"qodef-e-media-image\">\n\t\t<a itemprop=\"url\" href=\"https:\/\/phd.bessis.fr\/index.php\/portfolio-item\/eloe\/\">\n\t\t\t<img loading=\"lazy\" decoding=\"async\" src=\"https:\/\/phd.bessis.fr\/wp-content\/uploads\/2023\/12\/legrand-eloe-200x200.jpg\" alt=\"\" width=\"200\" height=\"200\" data-ratio=\"1\" \/>\t\t<\/a>\n\t<\/div>\n\t\t<\/div>\n\t\t<div class=\"qodef-e-content\" >\n\t\t\t\t<div class=\"qodef-e-info-category\">\n\t\t\t\t\t<a itemprop=\"url\" class=\"qodef-e-category\" href=\"https:\/\/phd.bessis.fr\/index.php\/portfolio-category\/enseigne-marques\/\">\n\t\t\t\tEnseigne, marques\t\t\t<\/a>\n\t\t\t<\/div>\n\t\t\t<h4 itemprop=\"name\" class=\"qodef-e-title entry-title\" >\n\t<a itemprop=\"url\" class=\"qodef-e-title-link\" href=\"https:\/\/phd.bessis.fr\/index.php\/portfolio-item\/eloe\/\">\n\t\tElo\u00e9\t<\/a>\n<\/h4>\n\t\t<\/div>\n\t<\/div>\n<\/article>\n<article class=\"qodef-e qodef-grid-item qodef-item--custom post-13778 portfolio-item type-portfolio-item status-publish has-post-thumbnail hentry portfolio-category-banque-et-assurance\">\n\t<div class=\"qodef-e-inner\" >\n\t\t<div class=\"qodef-e-image\">\n\t\t\t\t<div class=\"qodef-e-media-image\">\n\t\t<a itemprop=\"url\" href=\"https:\/\/phd.bessis.fr\/index.php\/portfolio-item\/sobrio\/\">\n\t\t\t<img loading=\"lazy\" decoding=\"async\" src=\"https:\/\/phd.bessis.fr\/wp-content\/uploads\/2023\/12\/sobrio-societe-generale-200x200.jpg\" alt=\"\" width=\"200\" height=\"200\" data-ratio=\"1\" \/>\t\t<\/a>\n\t<\/div>\n\t\t<\/div>\n\t\t<div class=\"qodef-e-content\" >\n\t\t\t\t<div class=\"qodef-e-info-category\">\n\t\t\t\t\t<a itemprop=\"url\" class=\"qodef-e-category\" href=\"https:\/\/phd.bessis.fr\/index.php\/portfolio-category\/banque-et-assurance\/\">\n\t\t\t\tBanque et assurance\t\t\t<\/a>\n\t\t\t<\/div>\n\t\t\t<h4 itemprop=\"name\" class=\"qodef-e-title entry-title\" >\n\t<a itemprop=\"url\" class=\"qodef-e-title-link\" href=\"https:\/\/phd.bessis.fr\/index.php\/portfolio-item\/sobrio\/\">\n\t\tSobrio\t<\/a>\n<\/h4>\n\t\t<\/div>\n\t<\/div>\n<\/article>\n<article class=\"qodef-e qodef-grid-item qodef-item--custom post-13762 portfolio-item type-portfolio-item status-publish has-post-thumbnail hentry portfolio-category-medical-sante-et-environnement\">\n\t<div class=\"qodef-e-inner\" >\n\t\t<div class=\"qodef-e-image\">\n\t\t\t\t<div class=\"qodef-e-media-image\">\n\t\t<a itemprop=\"url\" href=\"https:\/\/phd.bessis.fr\/index.php\/portfolio-item\/capnova\/\">\n\t\t\t<img loading=\"lazy\" decoding=\"async\" src=\"https:\/\/phd.bessis.fr\/wp-content\/uploads\/2023\/12\/capnova-projet-200x200.jpg\" alt=\"\" width=\"200\" height=\"200\" data-ratio=\"1\" \/>\t\t<\/a>\n\t<\/div>\n\t\t<\/div>\n\t\t<div class=\"qodef-e-content\" >\n\t\t\t\t<div class=\"qodef-e-info-category\">\n\t\t\t\t\t<a itemprop=\"url\" class=\"qodef-e-category\" href=\"https:\/\/phd.bessis.fr\/index.php\/portfolio-category\/medical-sante-et-environnement\/\">\n\t\t\t\tM\u00e9dical, Sante et Environnement\t\t\t<\/a>\n\t\t\t<\/div>\n\t\t\t<h4 itemprop=\"name\" class=\"qodef-e-title entry-title\" >\n\t<a itemprop=\"url\" class=\"qodef-e-title-link\" href=\"https:\/\/phd.bessis.fr\/index.php\/portfolio-item\/capnova\/\">\n\t\tCapnova\t<\/a>\n<\/h4>\n\t\t<\/div>\n\t<\/div>\n<\/article>\n\t<\/div>\n\t<\/div>\n\t\t<\/div>\n\t\t\t\t<\/div>\n\t\t\t\t<\/div>\n\t\t\t\t<\/div>\n\t\t","protected":false},"excerpt":{"rendered":"<p>Show All Alimentaire et boissons Banque et assurance Enseigne, marques Equipement, BTP et industrie M\u00e9dical, Sante et Environnement Noms de soci\u00e9t\u00e9s Parfums et Beaut\u00e9 Transport et services Noms de soci\u00e9t\u00e9s Itinova Parfums et Beaut\u00e9 Irresistible Equipement, BTP et industrie Innessens Alimentaire et boissons Alizen, Digesteo Transport et services FillItUp Transport et services Mel\u00e0velo Equipement, BTP [&hellip;]<\/p>\n","protected":false},"author":1,"featured_media":0,"parent":0,"menu_order":0,"comment_status":"closed","ping_status":"closed","template":"","meta":{"footnotes":""},"_links":{"self":[{"href":"https:\/\/phd.bessis.fr\/index.php\/wp-json\/wp\/v2\/pages\/13733"}],"collection":[{"href":"https:\/\/phd.bessis.fr\/index.php\/wp-json\/wp\/v2\/pages"}],"about":[{"href":"https:\/\/phd.bessis.fr\/index.php\/wp-json\/wp\/v2\/types\/page"}],"author":[{"embeddable":true,"href":"https:\/\/phd.bessis.fr\/index.php\/wp-json\/wp\/v2\/users\/1"}],"replies":[{"embeddable":true,"href":"https:\/\/phd.bessis.fr\/index.php\/wp-json\/wp\/v2\/comments?post=13733"}],"version-history":[{"count":0,"href":"https:\/\/phd.bessis.fr\/index.php\/wp-json\/wp\/v2\/pages\/13733\/revisions"}],"wp:attachment":[{"href":"https:\/\/phd.bessis.fr\/index.php\/wp-json\/wp\/v2\/media?parent=13733"}],"curies":[{"name":"wp","href":"https:\/\/api.w.org\/{rel}","templated":true}]}}