{"id":6479,"date":"2021-05-07T11:59:43","date_gmt":"2021-05-07T11:59:43","guid":{"rendered":"https:\/\/thorsten.qodeinteractive.com\/?page_id=6479"},"modified":"2024-02-01T10:35:08","modified_gmt":"2024-02-01T10:35:08","slug":"a-propos-de-lagence-bessis-agence-de-naming-dans-toute-la-france","status":"publish","type":"page","link":"https:\/\/phd.bessis.fr\/index.php\/a-propos-de-lagence-bessis-agence-de-naming-dans-toute-la-france\/","title":{"rendered":"A propos de nous"},"content":{"rendered":"\t\t<div data-elementor-type=\"wp-page\" data-elementor-id=\"6479\" class=\"elementor elementor-6479\">\n\t\t\t\t<div class=\"elementor-element elementor-element-5a65b4e e-flex e-con-boxed e-con e-parent\" data-id=\"5a65b4e\" data-element_type=\"container\" data-settings=\"{&quot;content_width&quot;:&quot;boxed&quot;}\" data-core-v316-plus=\"true\">\n\t\t\t\t\t<div class=\"e-con-inner\">\n\t\t<div class=\"elementor-element elementor-element-ade3c5f e-con-full e-flex e-con e-child\" data-id=\"ade3c5f\" data-element_type=\"container\" data-settings=\"{&quot;content_width&quot;:&quot;full&quot;}\">\n\t\t\t\t<div class=\"elementor-element elementor-element-f9a40d7 elementor-widget-tablet__width-inherit elementor-widget__width-initial elementor-widget elementor-widget-thorsten_core_section_title\" data-id=\"f9a40d7\" data-element_type=\"widget\" data-widget_type=\"thorsten_core_section_title.default\">\n\t\t\t\t<div class=\"elementor-widget-container\">\n\t\t\t<div class=\"qodef-shortcode qodef-m  qodef-section-title qodef-alignment--left   qodef-st-appear-animation--no\">\n\t\t<div class=\"qodef-m-tagline\" >\n\t\t\t\t\t<span class=\"qodef-m-separator\"><\/span>\n\t\t\t\t<p>notre savoir faire<\/p>\n\t<\/div>\n\t\t<h2 class=\"qodef-m-title\" >\n\t\t\t\t\tL\u2019agence est situ\u00e9e au centre de Paris, \u00e0 5 minutes des volumes color\u00e9s du Centre Pompidou.\t\t\t<\/h2>\n\t\t<p class=\"qodef-m-text\" style=\"margin-top: 15px\">Acteur connu du monde des \u00e9tudes, Bessis d\u00e9veloppe peu \u00e0 peu un p\u00f4le compl\u00e9mentaire de naming et devient l\u2019un des 3 principaux acteurs du naming en France.<\/p>\n<\/div>\n\t\t<\/div>\n\t\t\t\t<\/div>\n\t\t\t\t<\/div>\n\t\t<div class=\"elementor-element elementor-element-6e6d993 e-con-full e-flex e-con e-child\" data-id=\"6e6d993\" data-element_type=\"container\" data-settings=\"{&quot;content_width&quot;:&quot;full&quot;}\">\n\t\t\t\t<div class=\"elementor-element elementor-element-46aedbe elementor-widget elementor-widget-image\" data-id=\"46aedbe\" data-element_type=\"widget\" data-widget_type=\"image.default\">\n\t\t\t\t<div class=\"elementor-widget-container\">\n\t\t\t<style>\/*! elementor - v3.19.0 - 07-02-2024 *\/\n.elementor-widget-image{text-align:center}.elementor-widget-image a{display:inline-block}.elementor-widget-image a img[src$=\".svg\"]{width:48px}.elementor-widget-image img{vertical-align:middle;display:inline-block}<\/style>\t\t\t\t\t\t\t\t\t\t<img fetchpriority=\"high\" decoding=\"async\" width=\"640\" height=\"480\" src=\"https:\/\/phd.bessis.fr\/wp-content\/uploads\/2023\/12\/bessis-2004-a-aujourd_hui-des-offres-adaptees-aux-attentes-et-bien-nommees.jpg\" class=\"attachment-large size-large wp-image-13061\" alt=\"\" srcset=\"https:\/\/phd.bessis.fr\/wp-content\/uploads\/2023\/12\/bessis-2004-a-aujourd_hui-des-offres-adaptees-aux-attentes-et-bien-nommees.jpg 640w, https:\/\/phd.bessis.fr\/wp-content\/uploads\/2023\/12\/bessis-2004-a-aujourd_hui-des-offres-adaptees-aux-attentes-et-bien-nommees-300x225.jpg 300w\" sizes=\"(max-width: 640px) 100vw, 640px\" \/>\t\t\t\t\t\t\t\t\t\t\t\t\t<\/div>\n\t\t\t\t<\/div>\n\t\t\t\t<\/div>\n\t\t\t\t\t<\/div>\n\t\t\t\t<\/div>\n\t\t<div class=\"elementor-element elementor-element-beba9df e-flex e-con-boxed e-con e-parent\" data-id=\"beba9df\" data-element_type=\"container\" data-settings=\"{&quot;content_width&quot;:&quot;boxed&quot;}\" data-core-v316-plus=\"true\">\n\t\t\t\t\t<div class=\"e-con-inner\">\n\t\t\t\t<div class=\"elementor-element elementor-element-8d63dc4 elementor-widget elementor-widget-qi_addons_for_elementor_separator\" data-id=\"8d63dc4\" data-element_type=\"widget\" data-widget_type=\"qi_addons_for_elementor_separator.default\">\n\t\t\t\t<div class=\"elementor-widget-container\">\n\t\t\t<div class=\"qodef-shortcode qodef-m  qodef-qi-separator qodef-qi-clear qodef-separator--with-icon qodef-position--center\">\n\t<div class=\"qodef-m-line\">\n\t\t<div class=\"qodef-m-inner-line\"><\/div>\n\t\t\t<span class=\"qodef-m-separator-icon\">\n\t\t<svg aria-hidden=\"true\" class=\"e-font-icon-svg e-fas-dot-circle\" viewBox=\"0 0 512 512\" xmlns=\"http:\/\/www.w3.org\/2000\/svg\"><path d=\"M256 8C119.033 8 8 119.033 8 256s111.033 248 248 248 248-111.033 248-248S392.967 8 256 8zm80 248c0 44.112-35.888 80-80 80s-80-35.888-80-80 35.888-80 80-80 80 35.888 80 80z\"><\/path><\/svg>\t<\/span>\n\t\t\t<div class=\"qodef-m-inner-line\"><\/div>\n\t<\/div>\n<\/div>\n\t\t<\/div>\n\t\t\t\t<\/div>\n\t\t\t\t\t<\/div>\n\t\t\t\t<\/div>\n\t\t<div class=\"elementor-element elementor-element-f2f02a4 e-flex e-con-boxed e-con e-parent\" data-id=\"f2f02a4\" data-element_type=\"container\" data-settings=\"{&quot;content_width&quot;:&quot;boxed&quot;}\" data-core-v316-plus=\"true\">\n\t\t\t\t\t<div class=\"e-con-inner\">\n\t\t\t\t<div class=\"elementor-element elementor-element-41e651d elementor-widget-tablet__width-inherit elementor-widget elementor-widget-thorsten_core_section_title\" data-id=\"41e651d\" data-element_type=\"widget\" data-widget_type=\"thorsten_core_section_title.default\">\n\t\t\t\t<div class=\"elementor-widget-container\">\n\t\t\t<div class=\"qodef-shortcode qodef-m  qodef-section-title qodef-alignment--center   qodef-st-appear-animation--no\">\n\t\t<div class=\"qodef-m-tagline\" >\n\t\t\t\t\t<span class=\"qodef-m-separator\"><\/span>\n\t\t\t\t<p>notre c\u0153ur de m\u00e9tier<\/p>\n\t<\/div>\n\t\t<h2 class=\"qodef-m-title\" >\n\t\t\t\t\tVoici quelques aspects importants li\u00e9s au naming :\t\t\t<\/h2>\n\t\t<p class=\"qodef-m-text\" style=\"margin-top: 20px\">Le naming est un processus strat\u00e9gique qui peut avoir un impact significatif sur la perception d&#039;une entreprise ou d&#039;un produit par le public. Il peut contribuer \u00e0 cr\u00e9er une identit\u00e9 distinctive et m\u00e9morable, renfor\u00e7ant ainsi la pr\u00e9sence de la marque sur le march\u00e9.\n<\/p>\n<\/div>\n\t\t<\/div>\n\t\t\t\t<\/div>\n\t\t\t\t<div class=\"elementor-element elementor-element-f304169 elementor-widget elementor-widget-qi_addons_for_elementor_separator\" data-id=\"f304169\" data-element_type=\"widget\" data-widget_type=\"qi_addons_for_elementor_separator.default\">\n\t\t\t\t<div class=\"elementor-widget-container\">\n\t\t\t<div class=\"qodef-shortcode qodef-m  qodef-qi-separator qodef-qi-clear qodef-separator--with-icon qodef-position--center\">\n\t<div class=\"qodef-m-line\">\n\t\t<div class=\"qodef-m-inner-line\"><\/div>\n\t\t\t<span class=\"qodef-m-separator-icon\">\n\t\t<svg aria-hidden=\"true\" class=\"e-font-icon-svg e-fas-dot-circle\" viewBox=\"0 0 512 512\" xmlns=\"http:\/\/www.w3.org\/2000\/svg\"><path d=\"M256 8C119.033 8 8 119.033 8 256s111.033 248 248 248 248-111.033 248-248S392.967 8 256 8zm80 248c0 44.112-35.888 80-80 80s-80-35.888-80-80 35.888-80 80-80 80 35.888 80 80z\"><\/path><\/svg>\t<\/span>\n\t\t\t<div class=\"qodef-m-inner-line\"><\/div>\n\t<\/div>\n<\/div>\n\t\t<\/div>\n\t\t\t\t<\/div>\n\t\t\t\t\t<\/div>\n\t\t\t\t<\/div>\n\t\t<div class=\"elementor-element elementor-element-c53ba04 e-flex e-con-boxed e-con e-parent\" data-id=\"c53ba04\" data-element_type=\"container\" data-settings=\"{&quot;content_width&quot;:&quot;boxed&quot;}\" data-core-v316-plus=\"true\">\n\t\t\t\t\t<div class=\"e-con-inner\">\n\t\t<div class=\"elementor-element elementor-element-e744091 e-con-full e-flex elementor-invisible e-con e-child\" data-id=\"e744091\" data-element_type=\"container\" data-settings=\"{&quot;content_width&quot;:&quot;full&quot;,&quot;background_background&quot;:&quot;classic&quot;,&quot;animation&quot;:&quot;slideInDown&quot;}\">\n\t\t\t\t<div class=\"elementor-element elementor-element-67e14d4 elementor-widget elementor-widget-image\" data-id=\"67e14d4\" data-element_type=\"widget\" data-widget_type=\"image.default\">\n\t\t\t\t<div class=\"elementor-widget-container\">\n\t\t\t\t\t\t\t\t\t\t\t\t\t<img decoding=\"async\" width=\"150\" height=\"150\" src=\"https:\/\/phd.bessis.fr\/wp-content\/uploads\/2023\/12\/1_ce-qui-n_est-pas-nomme-n_existe-pas-150x150.png\" class=\"attachment-thumbnail size-thumbnail wp-image-12719\" alt=\"\" srcset=\"https:\/\/phd.bessis.fr\/wp-content\/uploads\/2023\/12\/1_ce-qui-n_est-pas-nomme-n_existe-pas-150x150.png 150w, https:\/\/phd.bessis.fr\/wp-content\/uploads\/2023\/12\/1_ce-qui-n_est-pas-nomme-n_existe-pas.png 190w\" sizes=\"(max-width: 150px) 100vw, 150px\" \/>\t\t\t\t\t\t\t\t\t\t\t\t\t<\/div>\n\t\t\t\t<\/div>\n\t\t\t\t<div class=\"elementor-element elementor-element-c2f17c2 elementor-widget elementor-widget-heading\" data-id=\"c2f17c2\" data-element_type=\"widget\" data-widget_type=\"heading.default\">\n\t\t\t\t<div class=\"elementor-widget-container\">\n\t\t\t<style>\/*! elementor - v3.19.0 - 07-02-2024 *\/\n.elementor-heading-title{padding:0;margin:0;line-height:1}.elementor-widget-heading .elementor-heading-title[class*=elementor-size-]>a{color:inherit;font-size:inherit;line-height:inherit}.elementor-widget-heading .elementor-heading-title.elementor-size-small{font-size:15px}.elementor-widget-heading .elementor-heading-title.elementor-size-medium{font-size:19px}.elementor-widget-heading .elementor-heading-title.elementor-size-large{font-size:29px}.elementor-widget-heading .elementor-heading-title.elementor-size-xl{font-size:39px}.elementor-widget-heading .elementor-heading-title.elementor-size-xxl{font-size:59px}<\/style><h2 class=\"elementor-heading-title elementor-size-default\">1. Identit\u00e9 et Positionnement\n\n<\/h2>\t\t<\/div>\n\t\t\t\t<\/div>\n\t\t\t\t<div class=\"elementor-element elementor-element-4f96f62 elementor-widget elementor-widget-text-editor\" data-id=\"4f96f62\" data-element_type=\"widget\" data-widget_type=\"text-editor.default\">\n\t\t\t\t<div class=\"elementor-widget-container\">\n\t\t\t<style>\/*! elementor - v3.19.0 - 07-02-2024 *\/\n.elementor-widget-text-editor.elementor-drop-cap-view-stacked .elementor-drop-cap{background-color:#69727d;color:#fff}.elementor-widget-text-editor.elementor-drop-cap-view-framed .elementor-drop-cap{color:#69727d;border:3px solid;background-color:transparent}.elementor-widget-text-editor:not(.elementor-drop-cap-view-default) .elementor-drop-cap{margin-top:8px}.elementor-widget-text-editor:not(.elementor-drop-cap-view-default) .elementor-drop-cap-letter{width:1em;height:1em}.elementor-widget-text-editor .elementor-drop-cap{float:left;text-align:center;line-height:1;font-size:50px}.elementor-widget-text-editor .elementor-drop-cap-letter{display:inline-block}<\/style>\t\t\t\t<p>Le naming va bien au-del\u00e0 d&rsquo;une simple \u00e9tiquette. Il constitue l&rsquo;ADN d&rsquo;une entreprise, \u00e9tablissant son identit\u00e9 et d\u00e9finissant son positionnement. Choisir un nom qui refl\u00e8te fid\u00e8lement les valeurs, la mission et la vision de l&rsquo;entreprise est essentiel pour b\u00e2tir une connexion authentique avec le public cible.<\/p>\t\t\t\t\t\t<\/div>\n\t\t\t\t<\/div>\n\t\t\t\t<\/div>\n\t\t<div class=\"elementor-element elementor-element-de36bfe e-con-full e-flex elementor-invisible e-con e-child\" data-id=\"de36bfe\" data-element_type=\"container\" data-settings=\"{&quot;content_width&quot;:&quot;full&quot;,&quot;background_background&quot;:&quot;classic&quot;,&quot;animation&quot;:&quot;slideInDown&quot;}\">\n\t\t\t\t<div class=\"elementor-element elementor-element-63d9b81 elementor-widget elementor-widget-image\" data-id=\"63d9b81\" data-element_type=\"widget\" data-widget_type=\"image.default\">\n\t\t\t\t<div class=\"elementor-widget-container\">\n\t\t\t\t\t\t\t\t\t\t\t\t\t<img decoding=\"async\" width=\"150\" height=\"150\" src=\"https:\/\/phd.bessis.fr\/wp-content\/uploads\/2023\/12\/2_ca-un-nom-ben-non-150x150.png\" class=\"attachment-thumbnail size-thumbnail wp-image-12718\" alt=\"\" srcset=\"https:\/\/phd.bessis.fr\/wp-content\/uploads\/2023\/12\/2_ca-un-nom-ben-non-150x150.png 150w, https:\/\/phd.bessis.fr\/wp-content\/uploads\/2023\/12\/2_ca-un-nom-ben-non.png 190w\" sizes=\"(max-width: 150px) 100vw, 150px\" \/>\t\t\t\t\t\t\t\t\t\t\t\t\t<\/div>\n\t\t\t\t<\/div>\n\t\t\t\t<div class=\"elementor-element elementor-element-ff967a8 elementor-widget elementor-widget-heading\" data-id=\"ff967a8\" data-element_type=\"widget\" data-widget_type=\"heading.default\">\n\t\t\t\t<div class=\"elementor-widget-container\">\n\t\t\t<h2 class=\"elementor-heading-title elementor-size-default\">2. M\u00e9morabilit\u00e9 et Reconnaissance\n\n<\/h2>\t\t<\/div>\n\t\t\t\t<\/div>\n\t\t\t\t<div class=\"elementor-element elementor-element-88e0f22 elementor-widget elementor-widget-text-editor\" data-id=\"88e0f22\" data-element_type=\"widget\" data-widget_type=\"text-editor.default\">\n\t\t\t\t<div class=\"elementor-widget-container\">\n\t\t\t\t\t\t\t<p>Un nom m\u00e9morable est un atout commercial pr\u00e9cieux. La simplicit\u00e9, la sonorit\u00e9 et la distinctivit\u00e9 jouent un r\u00f4le crucial dans la r\u00e9tention mentale des consommateurs. Un naming efficace facilite la reconnaissance de la marque, contribuant ainsi \u00e0 sa p\u00e9rennit\u00e9 dans l&rsquo;esprit des clients.<\/p>\t\t\t\t\t\t<\/div>\n\t\t\t\t<\/div>\n\t\t\t\t<\/div>\n\t\t<div class=\"elementor-element elementor-element-5c80ac7 e-con-full e-flex elementor-invisible e-con e-child\" data-id=\"5c80ac7\" data-element_type=\"container\" data-settings=\"{&quot;content_width&quot;:&quot;full&quot;,&quot;background_background&quot;:&quot;classic&quot;,&quot;animation&quot;:&quot;slideInDown&quot;}\">\n\t\t\t\t<div class=\"elementor-element elementor-element-5d0dae6 elementor-widget elementor-widget-image\" data-id=\"5d0dae6\" data-element_type=\"widget\" data-widget_type=\"image.default\">\n\t\t\t\t<div class=\"elementor-widget-container\">\n\t\t\t\t\t\t\t\t\t\t\t\t\t<img loading=\"lazy\" decoding=\"async\" width=\"150\" height=\"150\" src=\"https:\/\/phd.bessis.fr\/wp-content\/uploads\/2023\/12\/3_le-nom-est-l_esprit-de-l_offre-150x150.png\" class=\"attachment-thumbnail size-thumbnail wp-image-12717\" alt=\"\" srcset=\"https:\/\/phd.bessis.fr\/wp-content\/uploads\/2023\/12\/3_le-nom-est-l_esprit-de-l_offre-150x150.png 150w, https:\/\/phd.bessis.fr\/wp-content\/uploads\/2023\/12\/3_le-nom-est-l_esprit-de-l_offre.png 190w\" sizes=\"(max-width: 150px) 100vw, 150px\" \/>\t\t\t\t\t\t\t\t\t\t\t\t\t<\/div>\n\t\t\t\t<\/div>\n\t\t\t\t<div class=\"elementor-element elementor-element-1aa4323 elementor-widget elementor-widget-heading\" data-id=\"1aa4323\" data-element_type=\"widget\" data-widget_type=\"heading.default\">\n\t\t\t\t<div class=\"elementor-widget-container\">\n\t\t\t<h2 class=\"elementor-heading-title elementor-size-default\">3. Strat\u00e9gie de Communication\n\n\n<\/h2>\t\t<\/div>\n\t\t\t\t<\/div>\n\t\t\t\t<div class=\"elementor-element elementor-element-e4ce414 elementor-widget elementor-widget-text-editor\" data-id=\"e4ce414\" data-element_type=\"widget\" data-widget_type=\"text-editor.default\">\n\t\t\t\t<div class=\"elementor-widget-container\">\n\t\t\t\t\t\t\t<p>Le naming est une pi\u00e8ce ma\u00eetresse de la strat\u00e9gie de communication. Il doit \u00eatre align\u00e9 avec les objectifs marketing, facilitant la diffusion d&rsquo;un message coh\u00e9rent. Une approche bien pens\u00e9e garantit une int\u00e9gration harmonieuse dans les campagnes publicitaires, renfor\u00e7ant ainsi l&rsquo;impact global de la marque.<\/p>\t\t\t\t\t\t<\/div>\n\t\t\t\t<\/div>\n\t\t\t\t<\/div>\n\t\t<div class=\"elementor-element elementor-element-44e12da e-con-full e-flex elementor-invisible e-con e-child\" data-id=\"44e12da\" data-element_type=\"container\" data-settings=\"{&quot;content_width&quot;:&quot;full&quot;,&quot;background_background&quot;:&quot;classic&quot;,&quot;animation&quot;:&quot;slideInDown&quot;}\">\n\t\t\t\t<div class=\"elementor-element elementor-element-cd1aa3d elementor-widget elementor-widget-image\" data-id=\"cd1aa3d\" data-element_type=\"widget\" data-widget_type=\"image.default\">\n\t\t\t\t<div class=\"elementor-widget-container\">\n\t\t\t\t\t\t\t\t\t\t\t\t\t<img loading=\"lazy\" decoding=\"async\" width=\"150\" height=\"150\" src=\"https:\/\/phd.bessis.fr\/wp-content\/uploads\/2023\/12\/4_le-nom-est-l_offre-150x150.png\" class=\"attachment-thumbnail size-thumbnail wp-image-12716\" alt=\"\" srcset=\"https:\/\/phd.bessis.fr\/wp-content\/uploads\/2023\/12\/4_le-nom-est-l_offre-150x150.png 150w, https:\/\/phd.bessis.fr\/wp-content\/uploads\/2023\/12\/4_le-nom-est-l_offre.png 190w\" sizes=\"(max-width: 150px) 100vw, 150px\" \/>\t\t\t\t\t\t\t\t\t\t\t\t\t<\/div>\n\t\t\t\t<\/div>\n\t\t\t\t<div class=\"elementor-element elementor-element-db3e06a elementor-widget elementor-widget-heading\" data-id=\"db3e06a\" data-element_type=\"widget\" data-widget_type=\"heading.default\">\n\t\t\t\t<div class=\"elementor-widget-container\">\n\t\t\t<h2 class=\"elementor-heading-title elementor-size-default\">4. L\u00e9galit\u00e9 et Disponibilit\u00e9\n\n<\/h2>\t\t<\/div>\n\t\t\t\t<\/div>\n\t\t\t\t<div class=\"elementor-element elementor-element-af9cc37 elementor-widget elementor-widget-text-editor\" data-id=\"af9cc37\" data-element_type=\"widget\" data-widget_type=\"text-editor.default\">\n\t\t\t\t<div class=\"elementor-widget-container\">\n\t\t\t\t\t\t\t<p>La v\u00e9rification de la disponibilit\u00e9 l\u00e9gale et la protection des droits de propri\u00e9t\u00e9 intellectuelle sont des \u00e9tapes incontournables. Un naming solide doit r\u00e9sister aux d\u00e9fis l\u00e9gaux tout en \u00e9tant unique sur le march\u00e9. Une recherche approfondie garantit une s\u00e9curit\u00e9 juridique et \u00e9vite d&rsquo;\u00e9ventuels litiges.<\/p>\t\t\t\t\t\t<\/div>\n\t\t\t\t<\/div>\n\t\t\t\t<\/div>\n\t\t\t\t\t<\/div>\n\t\t\t\t<\/div>\n\t\t<div class=\"elementor-element elementor-element-dd72ce8 e-flex e-con-boxed e-con e-parent\" data-id=\"dd72ce8\" data-element_type=\"container\" data-settings=\"{&quot;content_width&quot;:&quot;boxed&quot;}\" data-core-v316-plus=\"true\">\n\t\t\t\t\t<div class=\"e-con-inner\">\n\t\t\t\t<div class=\"elementor-element elementor-element-23f9975 elementor-widget elementor-widget-text-editor\" data-id=\"23f9975\" data-element_type=\"widget\" data-widget_type=\"text-editor.default\">\n\t\t\t\t<div class=\"elementor-widget-container\">\n\t\t\t\t\t\t\t<p>En somme, le naming transcende la simple d\u00e9signation d&rsquo;une entreprise. C&rsquo;est une strat\u00e9gie holistique qui influence profond\u00e9ment la perception du public, la notori\u00e9t\u00e9 de la marque et sa r\u00e9ussite \u00e0 long terme. Investir dans un processus de naming r\u00e9fl\u00e9chi est une \u00e9tape cruciale pour tout professionnel soucieux de cr\u00e9er une identit\u00e9 de marque durable et impactante.<\/p>\t\t\t\t\t\t<\/div>\n\t\t\t\t<\/div>\n\t\t\t\t<div class=\"elementor-element elementor-element-6e749b4 elementor-widget elementor-widget-spacer\" data-id=\"6e749b4\" data-element_type=\"widget\" data-widget_type=\"spacer.default\">\n\t\t\t\t<div class=\"elementor-widget-container\">\n\t\t\t<style>\/*! elementor - v3.19.0 - 07-02-2024 *\/\n.elementor-column .elementor-spacer-inner{height:var(--spacer-size)}.e-con{--container-widget-width:100%}.e-con-inner>.elementor-widget-spacer,.e-con>.elementor-widget-spacer{width:var(--container-widget-width,var(--spacer-size));--align-self:var(--container-widget-align-self,initial);--flex-shrink:0}.e-con-inner>.elementor-widget-spacer>.elementor-widget-container,.e-con>.elementor-widget-spacer>.elementor-widget-container{height:100%;width:100%}.e-con-inner>.elementor-widget-spacer>.elementor-widget-container>.elementor-spacer,.e-con>.elementor-widget-spacer>.elementor-widget-container>.elementor-spacer{height:100%}.e-con-inner>.elementor-widget-spacer>.elementor-widget-container>.elementor-spacer>.elementor-spacer-inner,.e-con>.elementor-widget-spacer>.elementor-widget-container>.elementor-spacer>.elementor-spacer-inner{height:var(--container-widget-height,var(--spacer-size))}.e-con-inner>.elementor-widget-spacer.elementor-widget-empty,.e-con>.elementor-widget-spacer.elementor-widget-empty{position:relative;min-height:22px;min-width:22px}.e-con-inner>.elementor-widget-spacer.elementor-widget-empty .elementor-widget-empty-icon,.e-con>.elementor-widget-spacer.elementor-widget-empty .elementor-widget-empty-icon{position:absolute;top:0;bottom:0;left:0;right:0;margin:auto;padding:0;width:22px;height:22px}<\/style>\t\t<div class=\"elementor-spacer\">\n\t\t\t<div class=\"elementor-spacer-inner\"><\/div>\n\t\t<\/div>\n\t\t\t\t<\/div>\n\t\t\t\t<\/div>\n\t\t\t\t\t<\/div>\n\t\t\t\t<\/div>\n\t\t<div class=\"elementor-element elementor-element-2d08377 e-flex e-con-boxed e-con e-parent\" data-id=\"2d08377\" data-element_type=\"container\" data-settings=\"{&quot;content_width&quot;:&quot;boxed&quot;}\" data-core-v316-plus=\"true\">\n\t\t\t\t\t<div class=\"e-con-inner\">\n\t\t<div class=\"elementor-element elementor-element-6e86f37 e-con-full e-flex e-con e-child\" data-id=\"6e86f37\" data-element_type=\"container\" data-settings=\"{&quot;content_width&quot;:&quot;full&quot;}\">\n\t\t\t\t<\/div>\n\t\t<div class=\"elementor-element elementor-element-28f6ced e-con-full e-flex e-con e-child\" data-id=\"28f6ced\" data-element_type=\"container\" data-settings=\"{&quot;content_width&quot;:&quot;full&quot;}\">\n\t\t\t\t<div class=\"elementor-element elementor-element-c774442 elementor-widget elementor-widget-qi_addons_for_elementor_button\" data-id=\"c774442\" data-element_type=\"widget\" data-widget_type=\"qi_addons_for_elementor_button.default\">\n\t\t\t\t<div class=\"elementor-widget-container\">\n\t\t\t<a class=\"qodef-shortcode qodef-m  qodef-qi-button qodef-html--link qodef-layout--filled qodef-type--icon-boxed   qodef-icon--right qodef-hover--icon-move-horizontal-short     \" href=\"https:\/\/phd.bessis.fr\/index.php\/les-competences-de-lagence-de-naming-bessis\/\" target=\"_self\">\n\t<span class=\"qodef-m-text\">D\u00e9couvrez notre savoir-faire<\/span>\n\t\t<span class=\"qodef-m-icon \">\n\t\t<span class=\"qodef-m-icon-inner\">\n\t\t\t<svg aria-hidden=\"true\" class=\"e-font-icon-svg e-fas-arrow-right\" viewBox=\"0 0 448 512\" xmlns=\"http:\/\/www.w3.org\/2000\/svg\"><path d=\"M190.5 66.9l22.2-22.2c9.4-9.4 24.6-9.4 33.9 0L441 239c9.4 9.4 9.4 24.6 0 33.9L246.6 467.3c-9.4 9.4-24.6 9.4-33.9 0l-22.2-22.2c-9.5-9.5-9.3-25 .4-34.3L311.4 296H24c-13.3 0-24-10.7-24-24v-32c0-13.3 10.7-24 24-24h287.4L190.9 101.2c-9.8-9.3-10-24.8-.4-34.3z\"><\/path><\/svg>\t\t\t\t\t<\/span>\n\t<\/span>\n<\/a>\n\t\t<\/div>\n\t\t\t\t<\/div>\n\t\t\t\t<\/div>\n\t\t<div class=\"elementor-element elementor-element-e41f074 e-con-full e-flex e-con e-child\" data-id=\"e41f074\" data-element_type=\"container\" data-settings=\"{&quot;content_width&quot;:&quot;full&quot;}\">\n\t\t\t\t<\/div>\n\t\t\t\t\t<\/div>\n\t\t\t\t<\/div>\n\t\t\t\t<\/div>\n\t\t","protected":false},"excerpt":{"rendered":"<p>notre savoir faire L\u2019agence est situ\u00e9e au centre de Paris, \u00e0 5 minutes des volumes color\u00e9s du Centre Pompidou. Acteur connu du monde des \u00e9tudes, Bessis d\u00e9veloppe peu \u00e0 peu un p\u00f4le compl\u00e9mentaire de naming et devient l\u2019un des 3 principaux acteurs du naming en France. notre c\u0153ur de m\u00e9tier Voici quelques aspects importants li\u00e9s [&hellip;]<\/p>\n","protected":false},"author":1,"featured_media":0,"parent":0,"menu_order":0,"comment_status":"closed","ping_status":"closed","template":"page-full-width.php","meta":{"footnotes":""},"_links":{"self":[{"href":"https:\/\/phd.bessis.fr\/index.php\/wp-json\/wp\/v2\/pages\/6479"}],"collection":[{"href":"https:\/\/phd.bessis.fr\/index.php\/wp-json\/wp\/v2\/pages"}],"about":[{"href":"https:\/\/phd.bessis.fr\/index.php\/wp-json\/wp\/v2\/types\/page"}],"author":[{"embeddable":true,"href":"https:\/\/phd.bessis.fr\/index.php\/wp-json\/wp\/v2\/users\/1"}],"replies":[{"embeddable":true,"href":"https:\/\/phd.bessis.fr\/index.php\/wp-json\/wp\/v2\/comments?post=6479"}],"version-history":[{"count":0,"href":"https:\/\/phd.bessis.fr\/index.php\/wp-json\/wp\/v2\/pages\/6479\/revisions"}],"wp:attachment":[{"href":"https:\/\/phd.bessis.fr\/index.php\/wp-json\/wp\/v2\/media?parent=6479"}],"curies":[{"name":"wp","href":"https:\/\/api.w.org\/{rel}","templated":true}]}}